{"id":22933,"date":"2024-06-03T09:02:14","date_gmt":"2024-06-03T06:02:14","guid":{"rendered":"https:\/\/www.ekfl.ee\/?page_id=22933"},"modified":"2024-06-03T09:03:03","modified_gmt":"2024-06-03T06:03:03","slug":"kupsiste-kasutamine","status":"publish","type":"page","link":"http:\/\/www.ekfl.ee\/ru\/kupsiste-kasutamine\/","title":{"rendered":"K\u00fcpsiste kasutamine"},"content":{"rendered":"<h3 class=\"wp-block-heading\"><\/h3>\n\n\n\n<h4 class=\"wp-block-heading\">Mis on k\u00fcpsised?<\/h4>\n\n\n\n<p>K\u00fcpsised on v\u00e4ikesed tekstifailid, mis salvestatakse teie seadmesse, kui k\u00fclastate veebisaiti. Need aitavad veebilehtedel meelde j\u00e4tta teie tegevusi ja eelistusi (n\u00e4iteks sisselogimist, keelevalikut ja muid eelistusi) teatud aja jooksul, et te ei peaks neid iga kord uuesti sisestama, kui veebilehele tagasi p\u00f6\u00f6rdute v\u00f5i lehek\u00fclgi sirvite.<\/p>\n\n\n\n<h4 class=\"wp-block-heading\">Milliseid k\u00fcpsiseid me kasutame?<\/h4>\n\n\n\n<p>Meie veebisait kasutab j\u00e4rgmisi k\u00fcpsiseid:<\/p>\n\n\n\n<ol>\n<li><strong>H\u00e4davajalikud k\u00fcpsised<\/strong> <br>Need k\u00fcpsised on h\u00e4davajalikud, et v\u00f5imaldada teil veebilehte kasutada ja selle funktsioone kasutada, n\u00e4iteks juurdep\u00e4\u00e4s kaitstud aladele veebilehel. Ilma nende k\u00fcpsisteta ei saa te taotletud teenuseid kasutada.<\/li>\n\n\n\n<li><strong>Statistilised k\u00fcpsised<\/strong><br>Need k\u00fcpsised koguvad teavet selle kohta, kuidas k\u00fclastajad meie veebisaiti kasutavad, n\u00e4iteks milliseid lehti nad k\u00f5ige sagedamini k\u00fclastavad ja kas nad saavad veateateid veebilehtedelt. Kogutud andmed on anon\u00fc\u00fcmsed ja neid kasutatakse ainult veebisaidi t\u00e4iustamiseks.<\/li>\n<\/ol>\n\n\n\n<h4 class=\"wp-block-heading\">Kolmandate osapoolte k\u00fcpsised<\/h4>\n\n\n\n<p>Lisaks oma k\u00fcpsistele v\u00f5ime kasutada ka erinevate kolmandate osapoolte k\u00fcpsiseid, et koostada statistikat meie veebisaidi kasutamise kohta ja integreerida sotsiaalmeedia funktsioone (n\u00e4iteks Facebooki, Twitteri jagamise nupud).<\/p>\n\n\n\n<h4 class=\"wp-block-heading\">Kuidas k\u00fcpsiseid hallata?<\/h4>\n\n\n\n<p>Enamik veebibrausereid lubavad k\u00fcpsiseid automaatselt, kuid annavad teile v\u00f5imaluse k\u00fcpsiseid hallata v\u00f5i blokeerida. Teil on \u00f5igus otsustada, kas n\u00f5ustute k\u00fcpsiste kasutamisega v\u00f5i mitte. Palun arvestage, et k\u00fcpsiste keelamine v\u00f5ib m\u00f5jutada veebilehe toimivust ja teie kasutajakogemust.<\/p>\n\n\n\n<h4 class=\"wp-block-heading\">K\u00fcpsiste keelamine<\/h4>\n\n\n\n<p>Te saate k\u00fcpsiseid hallata ja kustutada oma brauseri seadetes. Lisateavet k\u00fcpsiste haldamise kohta leiate oma veebibrauseri abifailidest v\u00f5i k\u00fclastades veebilehti, mis pakuvad juhiseid k\u00fcpsiste haldamiseks ja kustutamiseks.<\/p>\n\n\n\n<h4 class=\"wp-block-heading\">Muudatused meie k\u00fcpsiste poliitikas<\/h4>\n\n\n\n<p>V\u00f5ime oma k\u00fcpsiste poliitikat aeg-ajalt muuta. K\u00f5ik muudatused postitatakse sellele lehele. Soovitame teil regulaarselt seda lehte k\u00fclastada, et olla kursis meie k\u00fcpsiste kasutamise poliitikaga.<\/p>\n\n\n\n<h4 class=\"wp-block-heading\">Kontakt<\/h4>\n\n\n\n<p>Kui teil on k\u00fcsimusi meie k\u00fcpsiste poliitika kohta, v\u00f5tke meiega \u00fchendust <a href=\"https:\/\/www.ekfl.ee\/kontakt\/\">siin<\/a>.<\/p>","protected":false},"excerpt":{"rendered":"<p>Mis on k\u00fcpsised? K\u00fcpsised on v\u00e4ikesed tekstifailid, mis salvestatakse teie seadmesse, kui k\u00fclastate veebisaiti. Need aitavad veebilehtedel meelde j\u00e4tta teie tegevusi ja eelistusi (n\u00e4iteks sisselogimist, keelevalikut ja muid eelistusi) teatud aja jooksul, et te ei peaks neid iga kord uuesti sisestama, kui veebilehele tagasi p\u00f6\u00f6rdute v\u00f5i lehek\u00fclgi sirvite. Milliseid k\u00fcpsiseid me kasutame? Meie veebisait kasutab [&hellip;]<\/p>","protected":false},"author":2,"featured_media":0,"parent":0,"menu_order":0,"comment_status":"closed","ping_status":"closed","template":"","meta":[],"acf":[],"_links":{"self":[{"href":"http:\/\/www.ekfl.ee\/ru\/wp-json\/wp\/v2\/pages\/22933"}],"collection":[{"href":"http:\/\/www.ekfl.ee\/ru\/wp-json\/wp\/v2\/pages"}],"about":[{"href":"http:\/\/www.ekfl.ee\/ru\/wp-json\/wp\/v2\/types\/page"}],"author":[{"embeddable":true,"href":"http:\/\/www.ekfl.ee\/ru\/wp-json\/wp\/v2\/users\/2"}],"replies":[{"embeddable":true,"href":"http:\/\/www.ekfl.ee\/ru\/wp-json\/wp\/v2\/comments?post=22933"}],"version-history":[{"count":2,"href":"http:\/\/www.ekfl.ee\/ru\/wp-json\/wp\/v2\/pages\/22933\/revisions"}],"predecessor-version":[{"id":22935,"href":"http:\/\/www.ekfl.ee\/ru\/wp-json\/wp\/v2\/pages\/22933\/revisions\/22935"}],"wp:attachment":[{"href":"http:\/\/www.ekfl.ee\/ru\/wp-json\/wp\/v2\/media?parent=22933"}],"curies":[{"name":"wp","href":"https:\/\/api.w.org\/{rel}","templated":true}]}}