{"id":5777,"date":"2014-06-20T09:16:43","date_gmt":"2014-06-20T09:16:43","guid":{"rendered":"http:\/\/project.a3ia.com\/site\/?page_id=5777"},"modified":"2026-03-02T20:52:36","modified_gmt":"2026-03-02T17:52:36","slug":"avaleht","status":"publish","type":"page","link":"https:\/\/www.ekfl.ee\/ru\/","title":{"rendered":"AVALEHT"},"content":{"rendered":"<div>\n<h1>Kinnisvara vahenduse, arenduse, halduse ja konsultatsiooniga tegelevate ettev\u00f5tete \u00fchendus.\u00a0<\/h1>\n<p>EKFLi liikmelisus on kvaliteedim\u00e4rk, mis t\u00f5stab kinnisvarafirmade v\u00e4\u00e4rtust ja usaldusv\u00e4\u00e4rsust.<\/p>\n<p><a href=\"https:\/\/www.ekfl.ee\/ekfl\/tegevus\/\">Loe l\u00e4hemalt<\/a><\/div>\n<div>\n\n    <section class=\"event-banner\">\n        <div class=\"event-banner-inner\">\n\n            <h2 class=\"event-banner-label\">\n                Konverentsid tulekul:            <\/h2>\n\n            <div class=\"event-banner-content\">\n                \n                <div class=\"event-banner-title\">\n                    <a href=\"https:\/\/www.ekfl.ee\/eesti-kinnisvarafirmade-liidu-konverents-koostoos-bigbankiga-kuhu-liigub-eesti-kinnisvaraturg\/\" target=\"\">\n                        Eesti Kinnisvarafirmade Liidu konverents koost\u00f6\u00f6s Bigbankiga \u201cKuhu liigub Eesti kinnisvaraturg?\u201d  29.04.2026                    <\/a>\n                <\/div>\n\n                <a href=\"https:\/\/www.ekfl.ee\/eesti-kinnisvarafirmade-liidu-konverents-koostoos-bigbankiga-kuhu-liigub-eesti-kinnisvaraturg\/\" target=\"\" class=\"event-banner-readmore\">\n                    Loe l\u00e4hemalt                <\/a>\n\n            <\/div>\n\n        <\/div>\n    <\/section>\n\n    \n<\/div>\n<div>\n\n    <section class=\"latest-news-section\">\n        <div class=\"latest-news-header\">\n            <h2>Uudised<\/h2>\n            <a href=\"\/uudised\/\" class=\"latest-news-all\">\n                K\u00f5ik uudised\n            <\/a>\n        <\/div>\n\n        <div class=\"latest-news-grid\">\n                            <article class=\"latest-news-card\">\n                    \n                    <a href=\"https:\/\/www.ekfl.ee\/ru\/eesti-kinnisvarafirmade-liit-esitas-ettepanekud-varjendite-nouete-maaruse-eelnoule\/\" class=\"latest-news-image\">\n                        <img width=\"298\" height=\"301\" src=\"https:\/\/www.ekfl.ee\/wp-content\/uploads\/vr.png\" class=\"attachment-large size-large wp-post-image\" alt=\"\" decoding=\"async\" loading=\"lazy\" srcset=\"https:\/\/www.ekfl.ee\/wp-content\/uploads\/vr.png 298w, https:\/\/www.ekfl.ee\/wp-content\/uploads\/vr-12x12.png 12w\" sizes=\"(max-width: 298px) 100vw, 298px\" \/>                    <\/a>\n\n                    <div class=\"latest-news-content\">\n                        <div class=\"latest-news-date\">\n                            11.03.2026                        <\/div>\n\n                        <h3 class=\"latest-news-title\">\n                            <a href=\"https:\/\/www.ekfl.ee\/ru\/eesti-kinnisvarafirmade-liit-esitas-ettepanekud-varjendite-nouete-maaruse-eelnoule\/\">\n                                Eesti Kinnisvarafirmade Liit esitas ettepanekud varjendite n\u00f5uete m\u00e4\u00e4ruse eeln\u00f5ule                            <\/a>\n                        <\/h3>\n\n                        <a href=\"https:\/\/www.ekfl.ee\/ru\/eesti-kinnisvarafirmade-liit-esitas-ettepanekud-varjendite-nouete-maaruse-eelnoule\/\" class=\"latest-news-readmore\">\n                            Loe edasi\n                        <\/a>\n                    <\/div>\n\n                <\/article>\n                            <article class=\"latest-news-card\">\n                    \n                    <a href=\"https:\/\/www.ekfl.ee\/ru\/abilinnapea-tiit-teriku-tallinna-linnaplaneerimisameti-esindajate-ja-eesti-kinnisvarafirmade-liidu-esindajate-kohtumine-28-01-2026\/\" class=\"latest-news-image\">\n                        <img width=\"590\" height=\"440\" src=\"https:\/\/www.ekfl.ee\/wp-content\/uploads\/TLPA.jpg\" class=\"attachment-large size-large wp-post-image\" alt=\"\" decoding=\"async\" loading=\"lazy\" srcset=\"https:\/\/www.ekfl.ee\/wp-content\/uploads\/TLPA.jpg 590w, https:\/\/www.ekfl.ee\/wp-content\/uploads\/TLPA-300x224.jpg 300w, https:\/\/www.ekfl.ee\/wp-content\/uploads\/TLPA-16x12.jpg 16w\" sizes=\"(max-width: 590px) 100vw, 590px\" \/>                    <\/a>\n\n                    <div class=\"latest-news-content\">\n                        <div class=\"latest-news-date\">\n                            11.02.2026                        <\/div>\n\n                        <h3 class=\"latest-news-title\">\n                            <a href=\"https:\/\/www.ekfl.ee\/ru\/abilinnapea-tiit-teriku-tallinna-linnaplaneerimisameti-esindajate-ja-eesti-kinnisvarafirmade-liidu-esindajate-kohtumine-28-01-2026\/\">\n                                Abilinnapea Tiit Teriku, Tallinna Linnaplaneerimisameti esindajate ja Eesti Kinnisvarafirmade Liidu esindajate kohtumine                            <\/a>\n                        <\/h3>\n\n                        <a href=\"https:\/\/www.ekfl.ee\/ru\/abilinnapea-tiit-teriku-tallinna-linnaplaneerimisameti-esindajate-ja-eesti-kinnisvarafirmade-liidu-esindajate-kohtumine-28-01-2026\/\" class=\"latest-news-readmore\">\n                            Loe edasi\n                        <\/a>\n                    <\/div>\n\n                <\/article>\n                            <article class=\"latest-news-card\">\n                    \n                    <a href=\"https:\/\/www.ekfl.ee\/ru\/tihe-konkurents-uuringust-selgusid-eesti-mainekamad-kinnisvaraburood\/\" class=\"latest-news-image\">\n                        <img width=\"1024\" height=\"683\" src=\"https:\/\/www.ekfl.ee\/wp-content\/uploads\/untitled-79-of-81-1024x683.jpg\" class=\"attachment-large size-large wp-post-image\" alt=\"\" decoding=\"async\" loading=\"lazy\" srcset=\"https:\/\/www.ekfl.ee\/wp-content\/uploads\/untitled-79-of-81-1024x683.jpg 1024w, https:\/\/www.ekfl.ee\/wp-content\/uploads\/untitled-79-of-81-300x200.jpg 300w, https:\/\/www.ekfl.ee\/wp-content\/uploads\/untitled-79-of-81-768x513.jpg 768w\" sizes=\"(max-width: 1024px) 100vw, 1024px\" \/>                    <\/a>\n\n                    <div class=\"latest-news-content\">\n                        <div class=\"latest-news-date\">\n                            04.02.2026                        <\/div>\n\n                        <h3 class=\"latest-news-title\">\n                            <a href=\"https:\/\/www.ekfl.ee\/ru\/tihe-konkurents-uuringust-selgusid-eesti-mainekamad-kinnisvaraburood\/\">\n                                Tihe konkurents: uuringust selgusid Eesti mainekamad kinnisvarab\u00fcrood                            <\/a>\n                        <\/h3>\n\n                        <a href=\"https:\/\/www.ekfl.ee\/ru\/tihe-konkurents-uuringust-selgusid-eesti-mainekamad-kinnisvaraburood\/\" class=\"latest-news-readmore\">\n                            Loe edasi\n                        <\/a>\n                    <\/div>\n\n                <\/article>\n                    <\/div>\n    <\/section>\n\n    \n<\/div>\n<p><!--more--><br \/>\n<!-- {\"type\":\"layout\",\"children\":[{\"name\":\"Company\",\"type\":\"section\",\"props\":{\"animation_delay\":false,\"class\":\"hidden\",\"css\":\".hidden {\\ndisplay:none;\\n}\",\"header_overlay\":\"light\",\"height\":\"page\",\"height_viewport\":false,\"image\":\"wp-content\\\/uploads\\\/city.jpg\",\"image_effect\":\"parallax\",\"image_parallax_bgy\":\"-100,100\",\"image_parallax_breakpoint\":\"m\",\"image_parallax_easing\":\"1\",\"image_position\":\"center-center\",\"image_size\":\"cover\",\"media_overlay\":\"rgba(12, 3, 3, 0)\",\"padding\":\"large\",\"padding_remove_top\":false,\"style\":\"default\",\"text_color\":\"dark\",\"title_breakpoint\":\"xl\",\"title_position\":\"top-left\",\"title_rotation\":\"left\",\"vertical_align\":\"middle\",\"width\":\"\"},\"children\":[{\"type\":\"row\",\"props\":{\"column_gap\":\"large\",\"layout\":\"1-2,1-2\",\"margin\":\"remove-vertical\",\"row_gap\":\"medium\",\"vertical_align\":false,\"width\":\"default\"},\"children\":[{\"type\":\"column\",\"props\":{\"image_position\":\"center-center\",\"position_sticky_breakpoint\":\"m\",\"width_medium\":\"1-2\"}},{\"type\":\"column\",\"props\":{\"image_position\":\"center-center\",\"position_sticky_breakpoint\":\"m\",\"width_medium\":\"1-2\"}}]}]},{\"type\":\"section\",\"props\":{\"height\":\"section\",\"height_offset_top\":true,\"image\":\"wp-content\\\/uploads\\\/ekfl-min.jpg\",\"image_position\":\"center-center\",\"image_size\":\"cover\",\"padding_remove_bottom\":true,\"style\":\"default\",\"title_breakpoint\":\"xl\",\"title_position\":\"top-left\",\"title_rotation\":\"left\",\"vertical_align\":\"middle\",\"width\":\"default\"},\"children\":[{\"type\":\"row\",\"children\":[{\"type\":\"column\",\"props\":{\"image_position\":\"center-center\",\"position_sticky_breakpoint\":\"m\"},\"children\":[{\"type\":\"text\",\"props\":{\"column_breakpoint\":\"m\",\"content\":\"\n\n<h1>Kinnisvara vahenduse, arenduse, halduse ja konsultatsiooniga tegelevate ettev\\u00f5tete \\u00fchendus.\\u00a0<\\\/h1>\\n\n\n<p>EKFLi liikmelisus on kvaliteedim\\u00e4rk, mis t\\u00f5stab kinnisvarafirmade v\\u00e4\\u00e4rtust ja usaldusv\\u00e4\\u00e4rsust.<\\\/p> \\n<a href=\\\"https:\\\/\\\/www.ekfl.ee\\\/ekfl\\\/tegevus\\\/\\\">Loe l\\u00e4hemalt<\\\/a>\",\"margin\":\"default\"}}]}],\"props\":{\"id\":\"hero-content\"}}]},{\"type\":\"section\",\"props\":{\"animation\":\"slide-right-small\",\"animation_delay\":\"200\",\"image_position\":\"center-center\",\"padding\":\"xsmall\",\"status\":\"disabled\",\"style\":\"secondary\",\"title_breakpoint\":\"xl\",\"title_position\":\"top-left\",\"title_rotation\":\"left\",\"vertical_align\":\"middle\",\"width\":\"default\"},\"children\":[{\"type\":\"row\",\"props\":{\"layout\":\"1-4,1-2,1-4\",\"vertical_align\":true},\"children\":[{\"type\":\"column\",\"props\":{\"image_position\":\"center-center\",\"position_sticky_breakpoint\":\"m\",\"style\":\"tile-secondary\",\"width_medium\":\"1-4\"},\"children\":[{\"type\":\"image\",\"props\":{\"animation\":\"slide-bottom-medium\",\"class\":\"mxw-200\",\"image\":\"wp-content\\\/uploads\\\/ekfl-vapp-whiteai.svg\",\"image_svg_color\":\"emphasis\",\"image_width\":\"250\",\"margin\":\"default\",\"text_align\":\"center\"}}]},{\"type\":\"column\",\"props\":{\"image_position\":\"center-center\",\"position_sticky_breakpoint\":\"m\",\"width_medium\":\"1-2\"},\"children\":[{\"type\":\"panel\",\"props\":{\"animation\":\"slide-bottom-medium\",\"block_align\":\"center\",\"content\":\"\n\n<p>EKFL on kinnisvara vahenduse, arenduse, halduse ja konsultatsioonidega tegelevate &auml;ri&uuml;hingute &uuml;hendus. <br \\\/><br \\\/>EKFLi kuulumine on kujunenud kinnisvarafirmadele lisav&auml;&auml;rtuseks, mis suurendab nende usalduskrediiti. <br \\\/><br \\\/>EKFLi liikmed peavad oluliseks klientide ausat, kiiret, korrektset ja asjatundlikku teenindamist.<\\\/p>\",\"content_column_breakpoint\":\"m\",\"content_style\":\"text-lead\",\"icon\":\"\",\"icon_width\":80,\"image\":\"\",\"image_align\":\"top\",\"image_grid_breakpoint\":\"m\",\"image_grid_width\":\"1-2\",\"image_svg_color\":\"emphasis\",\"link_style\":\"primary\",\"link_text\":\"Our Company\",\"margin\":\"\",\"maxwidth\":\"large\",\"meta_align\":\"below-title\",\"meta_element\":\"div\",\"meta_style\":\"text-meta\",\"text_align\":\"left\",\"title\":\"Organisatsioonist\",\"title_align\":\"top\",\"title_color\":\"primary\",\"title_element\":\"h2\",\"title_grid_breakpoint\":\"m\",\"title_grid_width\":\"1-2\",\"title_hover_style\":\"reset\",\"title_style\":\"h3\"}}]},{\"type\":\"column\",\"props\":{\"image_position\":\"center-center\",\"position_sticky_breakpoint\":\"m\",\"vertical_align\":\"middle\",\"width_medium\":\"1-4\"},\"children\":[{\"type\":\"headline\",\"props\":{\"animation\":\"slide-bottom-medium\",\"content\":\"MIKS TULLA KINNISVARAFIRMADE LIIDU LIIKMEKS?\",\"margin\":\"medium\",\"maxwidth\":\"xlarge\",\"title_color\":\"muted\",\"title_element\":\"h1\",\"title_style\":\"h2\"}},{\"type\":\"button\",\"props\":{\"animation\":\"slide-bottom-medium\",\"class\":\"buttonic\",\"css\":\".\",\"grid_column_gap\":\"small\",\"grid_row_gap\":\"small\",\"margin\":\"default\"},\"children\":[{\"type\":\"button_item\",\"props\":{\"button_style\":\"secondary\",\"content\":\"LOE L\\u00c4HEMALT\",\"icon\":\"chevron-right\",\"icon_align\":\"right\",\"link\":\"\\\/liikmed\\\/liitu\"}}]}]}]}]},{\"type\":\"section\",\"props\":{\"animation\":\"slide-right-small\",\"animation_delay\":\"200\",\"id\":\"upcoming-event\",\"image_position\":\"center-center\",\"padding\":\"xsmall\",\"style\":\"secondary\",\"title_breakpoint\":\"xl\",\"title_position\":\"top-left\",\"title_rotation\":\"left\",\"vertical_align\":\"middle\",\"width\":\"default\"},\"children\":[{\"type\":\"row\",\"children\":[{\"type\":\"column\",\"props\":{\"image_position\":\"center-center\",\"position_sticky_breakpoint\":\"m\"},\"children\":[{\"type\":\"text\",\"props\":{\"column_breakpoint\":\"m\",\"content\":\"\n\n<p>[upcoming_event]<\\\/p>\",\"margin\":\"default\"}}]}]}]},{\"type\":\"section\",\"props\":{\"image_position\":\"center-center\",\"status\":\"disabled\",\"style\":\"default\",\"title_breakpoint\":\"xl\",\"title_position\":\"top-left\",\"title_rotation\":\"left\",\"vertical_align\":\"middle\",\"width\":\"default\"},\"children\":[{\"type\":\"row\",\"props\":{\"layout\":\"1-3,1-3,1-3\"},\"children\":[{\"type\":\"column\",\"props\":{\"image_position\":\"center-center\",\"position_sticky_breakpoint\":\"m\",\"style\":\"tile-muted\",\"width_medium\":\"1-3\"},\"children\":[{\"type\":\"list\",\"props\":{\"animation\":\"slide-bottom-small\",\"column_breakpoint\":\"m\",\"content_style\":\"h3\",\"icon_width\":40,\"image_align\":\"left\",\"image_svg_color\":\"emphasis\",\"image_vertical_align\":true,\"list_element\":\"ul\",\"list_horizontal_separator\":\", \",\"list_style\":\"divider\",\"list_type\":\"vertical\",\"show_image\":true,\"show_link\":true},\"children\":[{\"type\":\"list_item\",\"props\":{\"content\":\"EKFL'<span style=\\\"text-transform:lowercase !important;\\\">i<\\\/span> \\u00fcritused\",\"icon\":\"users\",\"icon_color\":\"success\",\"image\":\"\"}}]},{\"type\":\"module\",\"props\":{\"menu_image_align\":\"center\",\"menu_image_margin\":true,\"menu_style\":\"default\",\"menu_type\":\"nav\",\"title_decoration\":\"bullet\",\"type\":\"recent-posts-widget-with-thumbnails\",\"widget\":\"recent-posts-widget-with-thumbnails-3\"}},{\"type\":\"button\",\"props\":{\"grid_column_gap\":\"small\",\"grid_row_gap\":\"small\",\"margin\":\"default\"},\"children\":[{\"type\":\"button_item\",\"props\":{\"button_style\":\"default\",\"content\":\"K\\u00d5IK \\u00dcRITUSED\",\"icon\":\"chevron-right\",\"icon_align\":\"right\",\"link\":\"\\\/sundmused\\\/\"}}]}]},{\"type\":\"column\",\"props\":{\"image_position\":\"center-center\",\"position_sticky_breakpoint\":\"m\",\"style\":\"tile-muted\",\"width_medium\":\"1-3\"},\"children\":[{\"type\":\"list\",\"props\":{\"animation\":\"slide-bottom-small\",\"column_breakpoint\":\"m\",\"content_style\":\"h3\",\"icon_width\":40,\"image_align\":\"left\",\"image_svg_color\":\"emphasis\",\"image_vertical_align\":true,\"list_element\":\"ul\",\"list_horizontal_separator\":\", \",\"list_style\":\"divider\",\"list_type\":\"vertical\",\"show_image\":true,\"show_link\":true},\"children\":[{\"type\":\"list_item\",\"props\":{\"content\":\"EKFL'<span style=\\\"text-transform:lowercase !important;\\\">i<\\\/span> uudised\",\"icon\":\"world\",\"icon_color\":\"success\",\"image\":\"\"}}]},{\"type\":\"module\",\"props\":{\"menu_image_align\":\"center\",\"menu_image_margin\":true,\"menu_style\":\"default\",\"menu_type\":\"nav\",\"title_color\":\"primary\",\"title_decoration\":\"bullet\",\"title_style\":\"h3\",\"type\":\"recent-posts-widget-with-thumbnails\",\"widget\":\"recent-posts-widget-with-thumbnails-2\"}},{\"type\":\"button\",\"props\":{\"grid_column_gap\":\"small\",\"grid_row_gap\":\"small\",\"margin\":\"default\"},\"children\":[{\"type\":\"button_item\",\"props\":{\"button_style\":\"default\",\"content\":\"K\\u00d5IK UUDISED\",\"icon\":\"chevron-right\",\"icon_align\":\"right\",\"link\":\"\\\/uudised\\\/\"}}]}]},{\"type\":\"column\",\"props\":{\"image_position\":\"center-center\",\"position_sticky_breakpoint\":\"m\",\"style\":\"tile-muted\",\"width_medium\":\"1-3\"},\"children\":[{\"type\":\"list\",\"props\":{\"animation\":\"slide-bottom-small\",\"column_breakpoint\":\"m\",\"content_style\":\"h3\",\"icon_width\":40,\"image_align\":\"left\",\"image_svg_color\":\"emphasis\",\"image_vertical_align\":true,\"list_element\":\"ul\",\"list_horizontal_separator\":\", \",\"list_style\":\"divider\",\"list_type\":\"vertical\",\"show_image\":true,\"show_link\":true},\"children\":[{\"type\":\"list_item\",\"props\":{\"content\":\"Kinnisvarauudised\",\"icon\":\"rss\",\"icon_color\":\"success\",\"image\":\"\"}}]},{\"type\":\"module\",\"props\":{\"menu_image_align\":\"center\",\"menu_image_margin\":true,\"menu_style\":\"default\",\"menu_type\":\"nav\",\"title_color\":\"primary\",\"title_decoration\":\"bullet\",\"title_style\":\"h3\",\"type\":\"recent-posts-widget-with-thumbnails\",\"widget\":\"feedzy_wp_widget-2\"}}]}]}]},{\"type\":\"section\",\"props\":{\"id\":\"latest-news\",\"image_position\":\"center-center\",\"padding\":\"small\",\"style\":\"default\",\"title_breakpoint\":\"xl\",\"title_position\":\"top-left\",\"title_rotation\":\"left\",\"vertical_align\":\"middle\",\"width\":\"default\"},\"children\":[{\"type\":\"row\",\"children\":[{\"type\":\"column\",\"props\":{\"image_position\":\"center-center\",\"position_sticky_breakpoint\":\"m\",\"width_medium\":\"1-1\"},\"children\":[{\"type\":\"text\",\"props\":{\"column_breakpoint\":\"m\",\"content\":\"\n\n<p>[latest_news]<\\\/p>\",\"margin\":\"default\"}}]}]}]}],\"version\":\"4.3.13\"} --><\/p>","protected":false},"excerpt":{"rendered":"<p>Kinnisvara vahenduse, arenduse, halduse ja konsultatsiooniga tegelevate ettev\u00f5tete \u00fchendus.\u00a0 EKFLi liikmelisus on kvaliteedim\u00e4rk, mis t\u00f5stab kinnisvarafirmade v\u00e4\u00e4rtust ja usaldusv\u00e4\u00e4rsust. Loe l\u00e4hemalt<\/p>","protected":false},"author":1,"featured_media":0,"parent":0,"menu_order":0,"comment_status":"closed","ping_status":"closed","template":"","meta":[],"acf":[],"_links":{"self":[{"href":"https:\/\/www.ekfl.ee\/ru\/wp-json\/wp\/v2\/pages\/5777"}],"collection":[{"href":"https:\/\/www.ekfl.ee\/ru\/wp-json\/wp\/v2\/pages"}],"about":[{"href":"https:\/\/www.ekfl.ee\/ru\/wp-json\/wp\/v2\/types\/page"}],"author":[{"embeddable":true,"href":"https:\/\/www.ekfl.ee\/ru\/wp-json\/wp\/v2\/users\/1"}],"replies":[{"embeddable":true,"href":"https:\/\/www.ekfl.ee\/ru\/wp-json\/wp\/v2\/comments?post=5777"}],"version-history":[{"count":164,"href":"https:\/\/www.ekfl.ee\/ru\/wp-json\/wp\/v2\/pages\/5777\/revisions"}],"predecessor-version":[{"id":23579,"href":"https:\/\/www.ekfl.ee\/ru\/wp-json\/wp\/v2\/pages\/5777\/revisions\/23579"}],"wp:attachment":[{"href":"https:\/\/www.ekfl.ee\/ru\/wp-json\/wp\/v2\/media?parent=5777"}],"curies":[{"name":"wp","href":"https:\/\/api.w.org\/{rel}","templated":true}]}}