{"id":5882,"date":"2014-08-11T08:08:09","date_gmt":"2014-08-11T08:08:09","guid":{"rendered":"http:\/\/project.a3ia.com\/site\/?page_id=5882"},"modified":"2018-11-21T12:44:02","modified_gmt":"2018-11-21T12:44:02","slug":"buroohoonete-klassifikaator","status":"publish","type":"page","link":"https:\/\/www.ekfl.ee\/ru\/buroohoonete-klassifikaator\/","title":{"rendered":"B\u00fcroohoonete Klassifikaator"},"content":{"rendered":"<p>B\u00fcroohoonete klassifikaator<\/p>\n<p>See dokument on Eesti Kinnisvarafirmade Liidu (EKFL) poolt vastu v&otilde;etud juhendmaterjal, eelk&otilde;ige EKFL&rsquo;i siseseks ja tema liikmete vaheliseks suhtlemiseks kehtiva seadusandlusel baasil.<\/p>\n<p>Klassifikaatori kvaliteedi kriteeriumid on m&auml;&auml;ratud j&auml;rgides kaasaegset praktikat ja t&otilde;mmates paralleele teiste Euroopa Liidu riikide analoogsete dokumentidega.<\/p>\n<p>Klassifikaator on m&otilde;eldud kasutamiseks k&otilde;igile turuosalistele ning selle koostamisel on silmas peetud selguse ja lihtsuse p&otilde;him&otilde;tet. &Uuml;heselt m&otilde;istetavuse huvides on eraldatud Kvaliteedi tunnused ja Asukoha tunnused:nende kriteeriumide vahel puudub otsene seos, kuna A-klassi kvaliteedile vastava maja v&otilde;ib ehitada ka D-klassi asukohta, ning vastupidi. Seega annab klassifikaator eraldi t&auml;histuse ja info nii hoone enda kui ka selle asukoha kohta.<\/p>\n<p>Klassifikaator on loodud kasutamiseks &uuml;ksnes b&uuml;roopindade kvaliteedi m&auml;&auml;ramisel, selles toodud kriteeriumid ei laiene teistsuguse kasutusega hoonetele. Dokument ei pretendeeri standardile ega turu kohustuslikule reguleerimisele, k&uuml;ll aga kirjeldab tingimused, mille t&auml;itmisel v&otilde;ib eeldada, et hoone vastab rahvusvahelistele investeerimisobjekti tunnustele.<\/p>\n<p>Klassifikaatori asukoha tunnuste kriteeriumid on toodud Tallinna baasil, kuna seal on turu aktiivsus k&otilde;ige suurem ja v&otilde;rdlusbaas seel&auml;bi objektiivseim. Klassifikaatorit teiste linnade puhul kasutades tuleb asukohakriteeriumid eraldi l&auml;bi t&ouml;&ouml;tada. Kohalike turuosaliste piisava huvi korral on EKFL-i &uuml;marlaud valmis seda tegema.<\/p>\n<p>EKFL-i &uuml;marlaua t&ouml;&ouml;grupp algatas 2009. aastal klassifikaatori loomise, et &uuml;htlustada praktikat ja anda turuosalistele &uuml;levaade sellest, mida peetakse silmas, kui r&auml;&auml;gitakse kvaliteedi klassidest. T&auml;naseks oleme l&auml;bi arutanud kogu klassifikaatori skaala.<\/p>\n<p>Klassifikaatori loomisel osalesid EKFL-i &uuml;marlaua liikmed.<\/p>\n<p>Erilist t&auml;nu oma panuse eest v&auml;&auml;rivad t&ouml;&ouml;grupi ja EKFL b&uuml;roo liikmed Indrek H&auml;&auml;l, Priit Uustulnd, Jaan Kelder, Jaanus Kosemaa, Margus Eek, Tarmo Kase, Mart Saa, Gert Jostov, Sulev Puusaar, Peep Sooman, T&otilde;nis R&uuml;&uuml;tel ja Lembi V&otilde;sum&auml;gi.<\/p>\n<p>Ardi Roosimaa<br \/>t&ouml;&ouml;grupi juht<br \/>klassifikaatori koostaja<br \/>Tallinnas 2014. a.<\/p>\n<p>B\u00fcroohoone klassi m\u00e4\u00e4ramise tabel.<\/p>\n<p><!-- {\"name\":\"\",\"type\":\"layout\",\"children\":[{\"name\":\"\",\"type\":\"section\",\"props\":{\"style\":\"default\",\"width\":\"default\",\"vertical_align\":\"middle\",\"title_position\":\"top-left\",\"title_rotation\":\"left\",\"title_breakpoint\":\"xl\",\"image_position\":\"center-center\"},\"children\":[{\"name\":\"\",\"type\":\"row\",\"props\":{\"fixed_width\":\"large\",\"breakpoint\":\"m\",\"layout\":\"1-1\"},\"children\":[{\"name\":\"\",\"type\":\"column\",\"props\":{\"widths\":[\"1-1\"],\"image_position\":\"center-center\"},\"children\":[{\"name\":\"\",\"type\":\"headline\",\"props\":{\"title_element\":\"h1\",\"content\":\"B\\u00fcroohoonete klassifikaator\"}}]}]}]},{\"name\":\"\",\"type\":\"section\",\"props\":{\"style\":\"default\",\"width\":\"default\",\"vertical_align\":\"middle\",\"title_position\":\"top-left\",\"title_rotation\":\"left\",\"title_breakpoint\":\"xl\",\"image_position\":\"center-center\",\"padding\":\"small\"},\"children\":[{\"name\":\"\",\"type\":\"row\",\"props\":{\"fixed_width\":\"large\",\"breakpoint\":\"m\",\"layout\":\"2-3,\"},\"children\":[{\"name\":\"\",\"type\":\"column\",\"props\":{\"widths\":[\"2-3\"],\"image_position\":\"center-center\"},\"children\":[{\"name\":\"\",\"type\":\"text\",\"props\":{\"margin\":\"default\",\"column_breakpoint\":\"m\",\"content\":\"\n\n<p>See dokument on Eesti Kinnisvarafirmade Liidu (EKFL) poolt vastu v&otilde;etud juhendmaterjal, eelk&otilde;ige EKFL&rsquo;i siseseks ja tema liikmete vaheliseks suhtlemiseks kehtiva seadusandlusel baasil.<\\\/p>\\n\n\n<p>Klassifikaatori kvaliteedi kriteeriumid on m&auml;&auml;ratud j&auml;rgides kaasaegset praktikat ja t&otilde;mmates paralleele teiste Euroopa Liidu riikide analoogsete dokumentidega.<\\\/p>\\n\n\n<p>Klassifikaator on m&otilde;eldud kasutamiseks k&otilde;igile turuosalistele ning selle koostamisel on silmas peetud selguse ja lihtsuse p&otilde;him&otilde;tet. &Uuml;heselt m&otilde;istetavuse huvides on eraldatud Kvaliteedi tunnused ja Asukoha tunnused:nende kriteeriumide vahel puudub otsene seos, kuna A-klassi kvaliteedile vastava maja v&otilde;ib ehitada ka D-klassi asukohta, ning vastupidi. Seega annab klassifikaator eraldi t&auml;histuse ja info nii hoone enda kui ka selle asukoha kohta.<\\\/p>\\n\n\n<p>Klassifikaator on loodud kasutamiseks &uuml;ksnes b&uuml;roopindade kvaliteedi m&auml;&auml;ramisel, selles toodud kriteeriumid ei laiene teistsuguse kasutusega hoonetele. Dokument ei pretendeeri standardile ega turu kohustuslikule reguleerimisele, k&uuml;ll aga kirjeldab tingimused, mille t&auml;itmisel v&otilde;ib eeldada, et hoone vastab rahvusvahelistele investeerimisobjekti tunnustele.<\\\/p>\\n\n\n<p>Klassifikaatori asukoha tunnuste kriteeriumid on toodud Tallinna baasil, kuna seal on turu aktiivsus k&otilde;ige suurem ja v&otilde;rdlusbaas seel&auml;bi objektiivseim. Klassifikaatorit teiste linnade puhul kasutades tuleb asukohakriteeriumid eraldi l&auml;bi t&ouml;&ouml;tada. Kohalike turuosaliste piisava huvi korral on EKFL-i &uuml;marlaud valmis seda tegema.<\\\/p>\\n\n\n<p>EKFL-i &uuml;marlaua t&ouml;&ouml;grupp algatas 2009. aastal klassifikaatori loomise, et &uuml;htlustada praktikat ja anda turuosalistele &uuml;levaade sellest, mida peetakse silmas, kui r&auml;&auml;gitakse kvaliteedi klassidest. T&auml;naseks oleme l&auml;bi arutanud kogu klassifikaatori skaala.<\\\/p>\\n\n\n<p>Klassifikaatori loomisel osalesid EKFL-i &uuml;marlaua liikmed.<\\\/p>\\n\n\n<p>Erilist t&auml;nu oma panuse eest v&auml;&auml;rivad t&ouml;&ouml;grupi ja EKFL b&uuml;roo liikmed Indrek H&auml;&auml;l, Priit Uustulnd, Jaan Kelder, Jaanus Kosemaa, Margus Eek, Tarmo Kase, Mart Saa, Gert Jostov, Sulev Puusaar, Peep Sooman, T&otilde;nis R&uuml;&uuml;tel ja Lembi V&otilde;sum&auml;gi.<\\\/p>\\n\n\n<p>Ardi Roosimaa<br \\\/>t&ouml;&ouml;grupi juht<br \\\/>klassifikaatori koostaja<br \\\/>Tallinnas 2014. a.<\\\/p>\"}}]},{\"name\":\"\",\"type\":\"column\",\"props\":{\"widths\":[\"\"],\"image_position\":\"center-center\"},\"children\":[{\"name\":\"\",\"type\":\"list\",\"props\":{\"show_image\":true,\"show_link\":true,\"image_align\":\"left\"},\"children\":[{\"name\":\"\",\"type\":\"list_item\",\"props\":{\"content\":\"B\\u00fcroohoone klassi m\\u00e4\\u00e4ramise tabel.\",\"icon\":\"table\",\"link\":\"\\\/buroohoonete-klassifikaator\\\/buroohoone-klassi-maaramise-tabel\\\/\"}}]}]}]}]}]} --><\/p>","protected":false},"excerpt":{"rendered":"<p>B\u00fcroohoonete klassifikaator See dokument on Eesti Kinnisvarafirmade Liidu (EKFL) poolt vastu v&otilde;etud juhendmaterjal, eelk&otilde;ige EKFL&rsquo;i siseseks ja tema liikmete vaheliseks suhtlemiseks kehtiva seadusandlusel baasil. Klassifikaatori kvaliteedi kriteeriumid on m&auml;&auml;ratud j&auml;rgides kaasaegset praktikat ja t&otilde;mmates paralleele teiste Euroopa Liidu riikide analoogsete dokumentidega. Klassifikaator on m&otilde;eldud kasutamiseks k&otilde;igile turuosalistele ning selle koostamisel on silmas peetud selguse ja [&hellip;]<\/p>","protected":false},"author":1,"featured_media":0,"parent":0,"menu_order":0,"comment_status":"closed","ping_status":"closed","template":"","meta":[],"acf":[],"_links":{"self":[{"href":"https:\/\/www.ekfl.ee\/ru\/wp-json\/wp\/v2\/pages\/5882"}],"collection":[{"href":"https:\/\/www.ekfl.ee\/ru\/wp-json\/wp\/v2\/pages"}],"about":[{"href":"https:\/\/www.ekfl.ee\/ru\/wp-json\/wp\/v2\/types\/page"}],"author":[{"embeddable":true,"href":"https:\/\/www.ekfl.ee\/ru\/wp-json\/wp\/v2\/users\/1"}],"replies":[{"embeddable":true,"href":"https:\/\/www.ekfl.ee\/ru\/wp-json\/wp\/v2\/comments?post=5882"}],"version-history":[{"count":4,"href":"https:\/\/www.ekfl.ee\/ru\/wp-json\/wp\/v2\/pages\/5882\/revisions"}],"predecessor-version":[{"id":22324,"href":"https:\/\/www.ekfl.ee\/ru\/wp-json\/wp\/v2\/pages\/5882\/revisions\/22324"}],"wp:attachment":[{"href":"https:\/\/www.ekfl.ee\/ru\/wp-json\/wp\/v2\/media?parent=5882"}],"curies":[{"name":"wp","href":"https:\/\/api.w.org\/{rel}","templated":true}]}}