{"id":5884,"date":"2014-08-11T08:08:27","date_gmt":"2014-08-11T08:08:27","guid":{"rendered":"http:\/\/project.a3ia.com\/site\/?page_id=5884"},"modified":"2021-06-09T13:56:19","modified_gmt":"2021-06-09T10:56:19","slug":"kontakt","status":"publish","type":"page","link":"https:\/\/www.ekfl.ee\/ru\/kontakt\/","title":{"rendered":"Kontakt"},"content":{"rendered":"<p>KONTAKT<\/p>\n<p><h4>EESTI KINNISVARAFIRMADE LIIT<\/h4>\n<\/p>\n<p> Kiriku 6, 10130 Tallinn\n<\/p>\n<p>+ 372 554 7532\u00a0<\/p>\n<p>ekfl@ekfl.ee<\/p>\n<p>B\u00dcROO<\/p>\n<p>EKFL-i b\u00fcroos t\u00f6\u00f6tab 2 inimest kelle eesm\u00e4rgiks on abistada EKFLi liikmeid ja edendada koost\u00f6\u00f6d liikmete vahel.\n<\/p>\n<p>T\u00f5nis R\u00fc\u00fctel<br \/> Tegevdirektor<\/p>\n<p>Etty Tohv<br \/> B\u00fcroojuhataja<\/p>\n<p>Saada s\u00f5num:<\/p>\n<div role=\"form\" class=\"wpcf7\" id=\"wpcf7-f159-o1\" lang=\"en-US\" dir=\"ltr\">\n<div class=\"screen-reader-response\"><\/div>\n<form action=\"\/ru\/wp-json\/wp\/v2\/pages\/5884#wpcf7-f159-o1\" method=\"post\" class=\"wpcf7-form\" novalidate=\"novalidate\" data-trp-original-action=\"\/ru\/wp-json\/wp\/v2\/pages\/5884#wpcf7-f159-o1\">\n<div style=\"display: none;\">\n<input type=\"hidden\" name=\"_wpcf7\" value=\"159\" \/>\n<input type=\"hidden\" name=\"_wpcf7_version\" value=\"5.0.4\" \/>\n<input type=\"hidden\" name=\"_wpcf7_locale\" value=\"en_US\" \/>\n<input type=\"hidden\" name=\"_wpcf7_unit_tag\" value=\"wpcf7-f159-o1\" \/>\n<input type=\"hidden\" name=\"_wpcf7_container_post\" value=\"0\" \/>\n<\/div>\n<p><label> Teie nimi<br \/>\n    <span class=\"wpcf7-form-control-wrap your-name\"><input type=\"text\" name=\"your-name\" value=\"\" size=\"40\" class=\"wpcf7-form-control wpcf7-text wpcf7-validates-as-required uk-input\" aria-required=\"true\" aria-invalid=\"false\" \/><\/span> <\/label><\/p>\n<p><label> Epost<br \/>\n    <span class=\"wpcf7-form-control-wrap your-email\"><input type=\"email\" name=\"your-email\" value=\"\" size=\"40\" class=\"wpcf7-form-control wpcf7-text wpcf7-email wpcf7-validates-as-required wpcf7-validates-as-email uk-input\" aria-required=\"true\" aria-invalid=\"false\" \/><\/span> <\/label><\/p>\n<p><label> Infop\u00e4ring<br \/>\n    <span class=\"wpcf7-form-control-wrap your-message\"><textarea name=\"your-message\" cols=\"40\" rows=\"10\" class=\"wpcf7-form-control wpcf7-textarea uk-textarea\" aria-invalid=\"false\"><\/textarea><\/span> <\/label><\/p>\n<p><span class=\"wpcf7-form-control-wrap acceptance-967\"><span class=\"wpcf7-form-control wpcf7-acceptance\"><span class=\"wpcf7-list-item\"><label><input type=\"checkbox\" name=\"acceptance-967\" value=\"1\" aria-invalid=\"false\" \/><span class=\"wpcf7-list-item-label\">Seda vormi kasutades n\u00f5ustud, et andmed salvestatakse ja hoitakse ekfl.ee lehel.<\/span><\/label><\/span><\/span><\/span><\/p>\n<div class=\"wpcf7-form-control-wrap\"><div data-sitekey=\"6Lc-fFgUAAAAAKHzbga8HLVv2SoX9HlfuENS7XVw\" class=\"wpcf7-form-control g-recaptcha wpcf7-recaptcha\"><\/div>\n<noscript>\n\t<div style=\"width: 302px; height: 422px;\">\n\t\t<div style=\"width: 302px; height: 422px; position: relative;\">\n\t\t\t<div style=\"width: 302px; height: 422px; position: absolute;\">\n\t\t\t\t<iframe src=\"https:\/\/www.google.com\/recaptcha\/api\/fallback?k=6Lc-fFgUAAAAAKHzbga8HLVv2SoX9HlfuENS7XVw\" frameborder=\"0\" scrolling=\"no\" style=\"width: 302px; height:422px; border-style: none;\">\n\t\t\t\t<\/iframe>\n\t\t\t<\/div>\n\t\t\t<div style=\"width: 300px; height: 60px; border-style: none; bottom: 12px; left: 25px; margin: 0px; padding: 0px; right: 25px; background: #f9f9f9; border: 1px solid #c1c1c1; border-radius: 3px;\">\n\t\t\t\t<textarea id=\"g-recaptcha-response\" name=\"g-recaptcha-response\" class=\"g-recaptcha-response\" style=\"width: 250px; height: 40px; border: 1px solid #c1c1c1; margin: 10px 25px; padding: 0px; resize: none;\">\n\t\t\t\t<\/textarea>\n\t\t\t<\/div>\n\t\t<\/div>\n\t<\/div>\n<\/noscript>\n<\/div>\n<p><input type=\"submit\" value=\"Saadan\" class=\"wpcf7-form-control wpcf7-submit el-content uk-button uk-button-secondary\" \/><\/p>\n<div class=\"wpcf7-response-output wpcf7-display-none\"><\/div><input type=\"hidden\" name=\"trp-form-language\" value=\"ru\"\/><\/form><\/div>\n<p>Kiriku 6<br \/>10130 Tallinn<\/p>\n<p><!-- {\"name\":\"\",\"type\":\"layout\",\"children\":[{\"name\":\"\",\"type\":\"section\",\"props\":{\"style\":\"default\",\"width\":\"default\",\"vertical_align\":\"middle\",\"title_position\":\"top-left\",\"title_rotation\":\"left\",\"title_breakpoint\":\"xl\",\"image_position\":\"center-center\",\"padding\":\"\",\"padding_remove_bottom\":true,\"animation\":\"\",\"animation_delay\":false,\"padding_remove_top\":false},\"children\":[{\"name\":\"\",\"type\":\"row\",\"props\":{\"fixed_width\":\"large\",\"breakpoint\":\"m\",\"layout\":\"1-1\"},\"children\":[{\"name\":\"\",\"type\":\"column\",\"props\":{\"widths\":[\"1-1\"],\"image_position\":\"center-center\"},\"children\":[{\"name\":\"\",\"type\":\"headline\",\"props\":{\"title_element\":\"h1\",\"content\":\"KONTAKT\",\"maxwidth\":\"xlarge\",\"title_style\":\"h2\",\"text_align\":\"left\",\"text_align_breakpoint\":\"s\",\"text_align_fallback\":\"center\"}}]}]},{\"name\":\"\",\"type\":\"row\",\"props\":{\"fixed_width\":\"large\",\"breakpoint\":\"m\",\"layout\":\",\",\"margin\":\"large\"},\"children\":[{\"name\":\"\",\"type\":\"column\",\"props\":{\"widths\":[\"\"],\"image_position\":\"center-center\",\"style\":\"muted\"},\"children\":[{\"name\":\"\",\"type\":\"list\",\"props\":{\"show_image\":true,\"show_link\":true,\"image_align\":\"left\"},\"children\":[{\"name\":\"\",\"type\":\"list_item\",\"props\":{\"content\":\"\n\n<h4>EESTI KINNISVARAFIRMADE LIIT<\\\/h4>\"}},{\"name\":\"\",\"type\":\"list_item\",\"props\":{\"content\":\" Kiriku 6, 10130 Tallinn\\n\",\"icon\":\"location\"}},{\"name\":\"\",\"type\":\"list_item\",\"props\":{\"content\":\"\n\n<p>+ 372 554 7532\\u00a0<\\\/p>\",\"icon\":\"receiver\"}},{\"name\":\"\",\"type\":\"list_item\",\"props\":{\"content\":\"ekfl@ekfl.ee\",\"icon\":\"mail\"}}]},{\"name\":\"\",\"type\":\"headline\",\"props\":{\"title_element\":\"h2\",\"content\":\"B\\u00dcROO\"}},{\"name\":\"\",\"type\":\"list\",\"props\":{\"show_image\":true,\"show_link\":true,\"image_align\":\"left\"},\"children\":[{\"name\":\"\",\"type\":\"list_item\",\"props\":{\"content\":\"EKFL-i b\\u00fcroos t\\u00f6\\u00f6tab 2 inimest kelle eesm\\u00e4rgiks on abistada EKFLi liikmeid ja edendada koost\\u00f6\\u00f6d liikmete vahel.\\t\\t \\n\"}},{\"name\":\"\",\"type\":\"list_item\",\"props\":{\"content\":\"\n\n<p>T\\u00f5nis R\\u00fc\\u00fctel<br \\\/> Tegevdirektor<\\\/p>\",\"image\":\"wp-content\\\/uploads\\\/tonis-ryytel-ekfl.png\"}},{\"name\":\"\",\"type\":\"list_item\",\"props\":{\"content\":\"\n\n<p>Etty Tohv<br \\\/> B\\u00fcroojuhataja<\\\/p>\",\"image\":\"wp-content\\\/uploads\\\/etty-tohv-ekfl.png\"}}]}]},{\"name\":\"\",\"type\":\"column\",\"props\":{\"widths\":[\"\"],\"image_position\":\"center-center\",\"style\":\"primary\"},\"children\":[{\"name\":\"\",\"type\":\"headline\",\"props\":{\"title_element\":\"h1\",\"content\":\"Saada s\\u00f5num:\"}},{\"name\":\"\",\"type\":\"text\",\"props\":{\"margin\":\"default\",\"column_breakpoint\":\"m\",\"content\":\"\n\n<p>[contact-form-7 id=\\\"159\\\" title=\\\"Contact form 1\\\"]<\\\/p>\"}}]}]}]},{\"name\":\"\",\"type\":\"section\",\"props\":{\"style\":\"default\",\"width\":\"\",\"vertical_align\":\"middle\",\"title_position\":\"top-left\",\"title_rotation\":\"left\",\"title_breakpoint\":\"xl\",\"image_position\":\"center-center\",\"padding_remove_top\":false,\"padding_remove_bottom\":true,\"padding\":\"none\"},\"children\":[{\"name\":\"\",\"type\":\"row\",\"props\":{\"fixed_width\":\"large\",\"breakpoint\":\"m\",\"layout\":\"1-1\",\"gutter\":\"large\",\"width\":\"\",\"margin\":\"small\",\"vertical_align\":true},\"children\":[{\"name\":\"\",\"type\":\"column\",\"props\":{\"widths\":[\"1-1\"],\"image_position\":\"center-center\"},\"children\":[{\"name\":\"\",\"type\":\"map\",\"props\":{\"show_title\":true,\"type\":\"roadmap\",\"zoom\":\"15\",\"controls\":false,\"zooming\":false,\"dragging\":false,\"maxwidth\":\"\",\"styler_hue\":null,\"height\":\"400\",\"styler_lightness\":-6,\"styler_invert_lightness\":false,\"styler_saturation\":-100,\"styler_gamma\":2,\"css\":\"\"},\"children\":[{\"name\":\"\",\"type\":\"map_marker\",\"props\":{\"location\":\"59.4372,24.7391\",\"title\":\"EKFL\",\"show_popup\":false,\"content\":\"\n\n<p>Kiriku 6<br \\\/>10130 Tallinn<\\\/p>\"}}]}]}]}]}]} --><\/p>","protected":false},"excerpt":{"rendered":"<p>KONTAKT EESTI KINNISVARAFIRMADE LIIT Kiriku 6, 10130 Tallinn + 372 554 7532\u00a0 ekfl@ekfl.ee B\u00dcROO EKFL-i b\u00fcroos t\u00f6\u00f6tab 2 inimest kelle eesm\u00e4rgiks on abistada EKFLi liikmeid ja edendada koost\u00f6\u00f6d liikmete vahel. T\u00f5nis R\u00fc\u00fctel Tegevdirektor Etty Tohv B\u00fcroojuhataja Saada s\u00f5num: Kiriku 610130 Tallinn<\/p>","protected":false},"author":1,"featured_media":0,"parent":0,"menu_order":0,"comment_status":"closed","ping_status":"closed","template":"","meta":[],"acf":[],"_links":{"self":[{"href":"https:\/\/www.ekfl.ee\/ru\/wp-json\/wp\/v2\/pages\/5884"}],"collection":[{"href":"https:\/\/www.ekfl.ee\/ru\/wp-json\/wp\/v2\/pages"}],"about":[{"href":"https:\/\/www.ekfl.ee\/ru\/wp-json\/wp\/v2\/types\/page"}],"author":[{"embeddable":true,"href":"https:\/\/www.ekfl.ee\/ru\/wp-json\/wp\/v2\/users\/1"}],"replies":[{"embeddable":true,"href":"https:\/\/www.ekfl.ee\/ru\/wp-json\/wp\/v2\/comments?post=5884"}],"version-history":[{"count":20,"href":"https:\/\/www.ekfl.ee\/ru\/wp-json\/wp\/v2\/pages\/5884\/revisions"}],"predecessor-version":[{"id":22643,"href":"https:\/\/www.ekfl.ee\/ru\/wp-json\/wp\/v2\/pages\/5884\/revisions\/22643"}],"wp:attachment":[{"href":"https:\/\/www.ekfl.ee\/ru\/wp-json\/wp\/v2\/media?parent=5884"}],"curies":[{"name":"wp","href":"https:\/\/api.w.org\/{rel}","templated":true}]}}