{"id":5908,"date":"2014-08-11T09:28:02","date_gmt":"2014-08-11T09:28:02","guid":{"rendered":"http:\/\/project.a3ia.com\/site\/?page_id=5908"},"modified":"2018-05-10T13:26:58","modified_gmt":"2018-05-10T13:26:58","slug":"head-tavad","status":"publish","type":"page","link":"https:\/\/www.ekfl.ee\/ru\/ekfl\/head-tavad\/","title":{"rendered":"Head Tavad"},"content":{"rendered":"<p>Head tavad<\/p>\n<div class=\"uk-margin-medium\">\n<div class=\"content_left_body\">\n<p>Kinnitatud EKFL-i \u00fcldkoosolekul<br \/>16.aprillil 2002.a.<\/p>\n<p>Koodeksi eesm\u00e4rgiks on luua hea tava eetiline alus kinnisvara valdkondadega seonduvates tegevustes, et kujundada Liidu ja tema liikmete hea nimi ning kaitsta Liidu liikmete ja nende klientide huve.<\/p>\n<p align=\"justify\">1. Liidu liikmed on kohustatud tegutsema professionaalselt ja k\u00f5rgel eetilis-moraalsel tasemel. Selleks peavad nad olema kursis kinnisvaraga seonduvate \u00f5igusaktidega Eestis ja riikides, kus nad tegutsevad, j\u00e4lgima kinnisvaraturgu ning t\u00e4itma Liidu \u00fcldkogu, juhatuse ja Aukohtu otsuseid ja m\u00e4\u00e4ruseid . Liidu liikmed ei osale tehingutes ega s\u00f5lmi lepinguid, millega rikutakse \u00f5igusakte v\u00f5i minnakse vastuollu k\u00e4esoleva koodeksi p\u00f5him\u00f5tetega.<\/p>\n<p>2. Liidu liikmete kohustuseks on hoolitsemine kinnisvaraturu hea maine eest.Selleks peavad nad tegutsema ilmingute vastu, mis kahjustavad kinnisvaraturgu v\u00f5i sellel osalejaid, s\u00f5ltumata sellest, kes on selliste ilmingute p\u00f5hjustajaks. Juhul kui Liidu liikmed tegutsevad \u00fche ja sama kaubam\u00e4rgi all teiste kinnisvaraettev\u00f5tetega, kes ei ole Liidu liikmed, on nende kohustuseks tagada k\u00e4esolevas koodeksis s\u00e4testatu kasutamine ka nende ettev\u00f5tete igap\u00e4evases tegutsemises.<\/p>\n<p>3. Liidu liikmed kohustuvad j\u00e4rjekindlalt tegelema oma t\u00f6\u00f6tajate ja enda nimel tegutsevate isikute kutsealase kvalifikatsiooni t\u00f5stmisega.<\/p>\n<p>4. Liidu liikmed kohustuvad pidevalt j\u00e4lgima enda poolt osutavate kinnisvarateenuste kvaliteeti ning t\u00f6\u00f6tama v\u00e4lja teenuse kvaliteedi kontrolli s\u00fcsteemi.<\/p>\n<p>5. Liidu liikmed ei v\u00e4ljenda avalikkuse ees oma halvustavat hoiakut liikmesfirmade ja nende t\u00f6\u00f6tajate ja nende nimel tegutsevate isikute suhtes, samuti nende poolt pakutavate teenuste suhtes.<\/p>\n<p>6. Liidu liikmed kohustuvad teostama kliendile pakutava objekti \u00fclevaatuse, v\u00e4lja selgitama objekti puudutava informatsiooni ja mitte varjama ega moonutama antud informatsiooni.<\/p>\n<p>7. Kui Liidu liikmete valduses olev informatsioon v\u00f5i t\u00f6\u00f6tajate v\u00f5i Liidu liikmete nimel tegutsevate isikute teadmised ei v\u00f5imalda t\u00e4ita tellimust, kohustuvad liikmed tegema kliendile ettepaneku p\u00f6\u00f6rduda teiste kinnisvara ettev\u00f5tjate v\u00f5i ekspertide poole.<\/p>\n<p>8. Liidu liikmed kohustuvad kaitsma kliendi k\u00f5iki huvisid vastavalt temaga s\u00f5lmitud lepingule. Lepingute s\u00f5lmimisel ei tohi \u00e4ra kasutada kliendi ebakompetentsust. Liidu liikmed vastutavad s\u00f5lmitud lepingute t\u00e4itmise eest.<\/p>\n<p>9. Liidu liikmed tagavad kliendi informatsiooni konfidentsiaalsust kokkulepitud m\u00e4\u00e4ral, v.a. juhtudel, mil informatsiooni avaldamise kohustus tuleneb \u00f5igusaktidest.<\/p>\n<p>10. Liidu liikmed kohustuvad tagama, et k\u00f5ik rahaliste kohustusega seotud kokkulepped oleksid vormistatud kirjalikult ja et kokkulepete sisu oleks selgelt v\u00e4ljendatud.<\/p>\n<p>11. Kui Liidu liikmete v\u00f5i Liidu liikme ja tema kliendi vahel tekivad eriarvamused v\u00f5i konfliktid, millele osapooled ei ole leidnud lahendust omavaheliste l\u00e4bir\u00e4\u00e4kimiste teel, on pooltel v\u00f5i \u00fchel neist \u00f5igus p\u00f6\u00f6rduda Liidu Aukohtu poole probleemi lahendamiseks. Selleks tuleb esitada kirjalikud materjalid vaidlusaluse probleemi kohta vastavalt Aukohtu Statuudile.<\/p>\n<p>12. Liidu liikmed kohustuvad tegema omalt poolt k\u00f5ik vajaliku, et nende t\u00f6\u00f6tajad ja Liidu liikmete nimel tegutsevad isikud oleksid k\u00e4esolevast koodeksist informeeritud ja t\u00e4idaksid seda.<\/p>\n<\/div>\n<\/div>\n<p><h3>Miks j\u00e4rgida h\u00e4id tavasid?<\/h3>\n<\/p>\n<div id=\"content_right\">\n<div id=\"content_right_wrap\">\n<div class=\"content_right_body\">\u00a0<\/div>\n<div class=\"content_right_body\">\n<p>Koodeksi eesm\u00e4rgiks on luua hea tava eetiline alus kinnisvara valdkondadega seonduvates tegevustes, et kujundada Liidu ja tema liikmete hea nimi ning kaitsta Liidu liikmete ja nende klientide huve.<\/p>\n<\/div>\n<\/div>\n<\/div>\n<div class=\"clear\">\u00a0<\/div>\n<\/p>\n<p><!-- {\"name\":\"\",\"type\":\"layout\",\"children\":[{\"name\":\"\",\"type\":\"section\",\"props\":{\"style\":\"default\",\"width\":\"default\",\"vertical_align\":\"middle\",\"title_position\":\"top-left\",\"title_rotation\":\"left\",\"title_breakpoint\":\"xl\",\"image_position\":\"center-center\"},\"children\":[{\"name\":\"\",\"type\":\"row\",\"props\":{\"fixed_width\":\"large\",\"breakpoint\":\"m\",\"layout\":\"1-1\"},\"children\":[{\"name\":\"\",\"type\":\"column\",\"props\":{\"widths\":[\"1-1\"],\"image_position\":\"center-center\"},\"children\":[{\"name\":\"\",\"type\":\"headline\",\"props\":{\"title_element\":\"h1\",\"content\":\"Head tavad\"}}]}]}]},{\"name\":\"\",\"type\":\"section\",\"props\":{\"style\":\"default\",\"width\":\"default\",\"vertical_align\":\"middle\",\"title_position\":\"top-left\",\"title_rotation\":\"left\",\"title_breakpoint\":\"xl\",\"image_position\":\"center-center\"},\"children\":[{\"name\":\"\",\"type\":\"row\",\"props\":{\"fixed_width\":\"large\",\"breakpoint\":\"m\",\"layout\":\",\"},\"children\":[{\"name\":\"\",\"type\":\"column\",\"props\":{\"widths\":[\"\"],\"image_position\":\"center-center\"},\"children\":[{\"name\":\"\",\"type\":\"text\",\"props\":{\"margin\":\"default\",\"column_breakpoint\":\"m\",\"content\":\"\n\n<div class=\\\"uk-margin-medium\\\">\\n\n\n<div class=\\\"content_left_body\\\">\\n\n\n<p>Kinnitatud EKFL-i \\u00fcldkoosolekul<br \\\/>16.aprillil 2002.a.<\\\/p>\\n\n\n<p>Koodeksi eesm\\u00e4rgiks on luua hea tava eetiline alus kinnisvara valdkondadega seonduvates tegevustes, et kujundada Liidu ja tema liikmete hea nimi ning kaitsta Liidu liikmete ja nende klientide huve.<\\\/p>\\n\n\n<p align=\\\"justify\\\">1. Liidu liikmed on kohustatud tegutsema professionaalselt ja k\\u00f5rgel eetilis-moraalsel tasemel. Selleks peavad nad olema kursis kinnisvaraga seonduvate \\u00f5igusaktidega Eestis ja riikides, kus nad tegutsevad, j\\u00e4lgima kinnisvaraturgu ning t\\u00e4itma Liidu \\u00fcldkogu, juhatuse ja Aukohtu otsuseid ja m\\u00e4\\u00e4ruseid . Liidu liikmed ei osale tehingutes ega s\\u00f5lmi lepinguid, millega rikutakse \\u00f5igusakte v\\u00f5i minnakse vastuollu k\\u00e4esoleva koodeksi p\\u00f5him\\u00f5tetega.<\\\/p>\\n\n\n<p>2. Liidu liikmete kohustuseks on hoolitsemine kinnisvaraturu hea maine eest.Selleks peavad nad tegutsema ilmingute vastu, mis kahjustavad kinnisvaraturgu v\\u00f5i sellel osalejaid, s\\u00f5ltumata sellest, kes on selliste ilmingute p\\u00f5hjustajaks. Juhul kui Liidu liikmed tegutsevad \\u00fche ja sama kaubam\\u00e4rgi all teiste kinnisvaraettev\\u00f5tetega, kes ei ole Liidu liikmed, on nende kohustuseks tagada k\\u00e4esolevas koodeksis s\\u00e4testatu kasutamine ka nende ettev\\u00f5tete igap\\u00e4evases tegutsemises.<\\\/p>\\n\n\n<p>3. Liidu liikmed kohustuvad j\\u00e4rjekindlalt tegelema oma t\\u00f6\\u00f6tajate ja enda nimel tegutsevate isikute kutsealase kvalifikatsiooni t\\u00f5stmisega.<\\\/p>\\n\n\n<p>4. Liidu liikmed kohustuvad pidevalt j\\u00e4lgima enda poolt osutavate kinnisvarateenuste kvaliteeti ning t\\u00f6\\u00f6tama v\\u00e4lja teenuse kvaliteedi kontrolli s\\u00fcsteemi.<\\\/p>\\n\n\n<p>5. Liidu liikmed ei v\\u00e4ljenda avalikkuse ees oma halvustavat hoiakut liikmesfirmade ja nende t\\u00f6\\u00f6tajate ja nende nimel tegutsevate isikute suhtes, samuti nende poolt pakutavate teenuste suhtes.<\\\/p>\\n\n\n<p>6. Liidu liikmed kohustuvad teostama kliendile pakutava objekti \\u00fclevaatuse, v\\u00e4lja selgitama objekti puudutava informatsiooni ja mitte varjama ega moonutama antud informatsiooni.<\\\/p>\\n\n\n<p>7. Kui Liidu liikmete valduses olev informatsioon v\\u00f5i t\\u00f6\\u00f6tajate v\\u00f5i Liidu liikmete nimel tegutsevate isikute teadmised ei v\\u00f5imalda t\\u00e4ita tellimust, kohustuvad liikmed tegema kliendile ettepaneku p\\u00f6\\u00f6rduda teiste kinnisvara ettev\\u00f5tjate v\\u00f5i ekspertide poole.<\\\/p>\\n\n\n<p>8. Liidu liikmed kohustuvad kaitsma kliendi k\\u00f5iki huvisid vastavalt temaga s\\u00f5lmitud lepingule. Lepingute s\\u00f5lmimisel ei tohi \\u00e4ra kasutada kliendi ebakompetentsust. Liidu liikmed vastutavad s\\u00f5lmitud lepingute t\\u00e4itmise eest.<\\\/p>\\n\n\n<p>9. Liidu liikmed tagavad kliendi informatsiooni konfidentsiaalsust kokkulepitud m\\u00e4\\u00e4ral, v.a. juhtudel, mil informatsiooni avaldamise kohustus tuleneb \\u00f5igusaktidest.<\\\/p>\\n\n\n<p>10. Liidu liikmed kohustuvad tagama, et k\\u00f5ik rahaliste kohustusega seotud kokkulepped oleksid vormistatud kirjalikult ja et kokkulepete sisu oleks selgelt v\\u00e4ljendatud.<\\\/p>\\n\n\n<p>11. Kui Liidu liikmete v\\u00f5i Liidu liikme ja tema kliendi vahel tekivad eriarvamused v\\u00f5i konfliktid, millele osapooled ei ole leidnud lahendust omavaheliste l\\u00e4bir\\u00e4\\u00e4kimiste teel, on pooltel v\\u00f5i \\u00fchel neist \\u00f5igus p\\u00f6\\u00f6rduda Liidu Aukohtu poole probleemi lahendamiseks. Selleks tuleb esitada kirjalikud materjalid vaidlusaluse probleemi kohta vastavalt Aukohtu Statuudile.<\\\/p>\\n\n\n<p>12. Liidu liikmed kohustuvad tegema omalt poolt k\\u00f5ik vajaliku, et nende t\\u00f6\\u00f6tajad ja Liidu liikmete nimel tegutsevad isikud oleksid k\\u00e4esolevast koodeksist informeeritud ja t\\u00e4idaksid seda.<\\\/p>\\n<\\\/div>\\n<\\\/div>\"}}]},{\"name\":\"\",\"type\":\"column\",\"props\":{\"widths\":[\"\"],\"image_position\":\"center-center\",\"style\":\"muted\"},\"children\":[{\"name\":\"\",\"type\":\"headline\",\"props\":{\"title_element\":\"h1\",\"content\":\"\n\n<h3>Miks j\\u00e4rgida h\\u00e4id tavasid?<\\\/h3>\"}},{\"name\":\"\",\"type\":\"text\",\"props\":{\"margin\":\"default\",\"column_breakpoint\":\"m\",\"content\":\"\n\n<div id=\\\"content_right\\\">\\n\n\n<div id=\\\"content_right_wrap\\\">\\n\n\n<div class=\\\"content_right_body\\\">\\u00a0<\\\/div>\\n\n\n<div class=\\\"content_right_body\\\">\\n\n\n<p>Koodeksi eesm\\u00e4rgiks on luua hea tava eetiline alus kinnisvara valdkondadega seonduvates tegevustes, et kujundada Liidu ja tema liikmete hea nimi ning kaitsta Liidu liikmete ja nende klientide huve.<\\\/p>\\n<\\\/div>\\n<\\\/div>\\n<\\\/div>\\n\n\n<div class=\\\"clear\\\">\\u00a0<\\\/div>\"}}]}]}]}]} --><\/p>","protected":false},"excerpt":{"rendered":"<p>Head tavad Kinnitatud EKFL-i \u00fcldkoosolekul16.aprillil 2002.a. Koodeksi eesm\u00e4rgiks on luua hea tava eetiline alus kinnisvara valdkondadega seonduvates tegevustes, et kujundada Liidu ja tema liikmete hea nimi ning kaitsta Liidu liikmete ja nende klientide huve. 1. Liidu liikmed on kohustatud tegutsema professionaalselt ja k\u00f5rgel eetilis-moraalsel tasemel. Selleks peavad nad olema kursis kinnisvaraga seonduvate \u00f5igusaktidega Eestis ja [&hellip;]<\/p>","protected":false},"author":1,"featured_media":0,"parent":5903,"menu_order":0,"comment_status":"closed","ping_status":"closed","template":"","meta":[],"acf":[],"_links":{"self":[{"href":"https:\/\/www.ekfl.ee\/ru\/wp-json\/wp\/v2\/pages\/5908"}],"collection":[{"href":"https:\/\/www.ekfl.ee\/ru\/wp-json\/wp\/v2\/pages"}],"about":[{"href":"https:\/\/www.ekfl.ee\/ru\/wp-json\/wp\/v2\/types\/page"}],"author":[{"embeddable":true,"href":"https:\/\/www.ekfl.ee\/ru\/wp-json\/wp\/v2\/users\/1"}],"replies":[{"embeddable":true,"href":"https:\/\/www.ekfl.ee\/ru\/wp-json\/wp\/v2\/comments?post=5908"}],"version-history":[{"count":2,"href":"https:\/\/www.ekfl.ee\/ru\/wp-json\/wp\/v2\/pages\/5908\/revisions"}],"predecessor-version":[{"id":21685,"href":"https:\/\/www.ekfl.ee\/ru\/wp-json\/wp\/v2\/pages\/5908\/revisions\/21685"}],"up":[{"embeddable":true,"href":"https:\/\/www.ekfl.ee\/ru\/wp-json\/wp\/v2\/pages\/5903"}],"wp:attachment":[{"href":"https:\/\/www.ekfl.ee\/ru\/wp-json\/wp\/v2\/media?parent=5908"}],"curies":[{"name":"wp","href":"https:\/\/api.w.org\/{rel}","templated":true}]}}