{"id":5912,"date":"2014-08-11T09:28:25","date_gmt":"2014-08-11T09:28:25","guid":{"rendered":"http:\/\/project.a3ia.com\/site\/?page_id=5912"},"modified":"2025-06-02T12:15:07","modified_gmt":"2025-06-02T09:15:07","slug":"juhatus","status":"publish","type":"page","link":"https:\/\/www.ekfl.ee\/ru\/ekfl\/juhatus\/","title":{"rendered":"Juhatus"},"content":{"rendered":"<h1>JUHATUS<\/h1>\n<ul>\n<li>\n<h3>Andres Aavik<\/h3>\n<div>\n<p>Liven AS n\u00f5ukogu liige ja EKFL juhatuse esimees<\/p>\n<p>Tel: +372 503 5933<\/p>\n<p>E-post: andres.aavik@liven.ee<\/p>\n<\/div>\n<p><a href=\"https:\/\/liven.ee\/liven\/#worker-2118\">Vaata l\u00e4hemalt<\/a><\/p>\n<\/li>\n<li>\n<h3>Ingvar Allekand<\/h3>\n<div>\n<p>Domus Kinnisvara Vahendus O\u00dc juhatuse liige ja EKFL juhatuse aseesimees<\/p>\n<p>Tel:\u00a0+372 523 3423<\/p>\n<p>E-post:\u00a0ingvar.allekand@domus.ee<\/p>\n<\/div>\n<p><a href=\"https:\/\/domuskinnisvara.ee\/juhtkond\/ingvar-allekand\/\">Vaata l\u00e4hemalt<\/a><\/p>\n<\/li>\n<li>\n<h3>T\u00f5nu Toompark<\/h3>\n<div>\n<p>Adaur Grupp O\u00dc juhatuse liige<\/p>\n<p>Tel:\u00a0+372 525 9703<\/p>\n<p>E-post:\u00a0tonu@toompark.ee<\/p>\n<\/div>\n<p><a href=\"http:\/\/www.adaur.ee\/kontaktid\/kes-on-tonu-toompark\/\">Vaata l\u00e4hemalt<\/a><\/p>\n<\/li>\n<li>\n<h3>Ardi Roosimaa<\/h3>\n<div>\n<p>Restate\u00a0 Property Advisors O\u00dc juhatuse liige<\/p>\n<p>Tel:\u00a0+372 504 8098<\/p>\n<p>E-post:\u00a0ardi.roosimaa@restate.ee<\/p>\n<p>\u00a0<\/p>\n<\/div>\n<p><a href=\"https:\/\/restate.ee\/meeskond\/\">Vaata l\u00e4hemalt<\/a><\/p>\n<\/li>\n<li>\n<h3>Maret V\u00e4ljaots<\/h3>\n<div>\n<p>Bonava Eesti O\u00dc juhatuse liige<\/p>\n<p>Tel:\u00a0+372 502 6312<\/p>\n<p>E-post:\u00a0maret.valjaots@bonava.com<\/p>\n<\/div>\n<p><a href=\"https:\/\/www.bonava.ee\/meist\">Vaata l\u00e4hemalt<\/a><\/p>\n<\/li>\n<li>\n<h3>Eno Juul<\/h3>\n<div>\n<p>O\u00dc Kinnisvarab\u00fcroo Uus Maa juhatuse liige<\/p>\n<p>Tel:+372 508 8963<\/p>\n<p>E-Post:\u00a0eno.juul@uusmaa.ee<\/p>\n<\/div>\n<p><a href=\"https:\/\/uusmaa.ee\/eno-juul\/\">Vaata l\u00e4hemalt<\/a><\/p>\n<\/li>\n<li>\n<h3>Hannes Roosaar<\/h3>\n<div>\n<p>CEO, partner<\/p>\n<p>Tel: +372 5667 7305<\/p>\n<p>E-Post: hannes@elon.ee<\/p>\n<\/div>\n<p><a href=\"https:\/\/elon.ee\/et\/meeskond\/inimesed\">Vaata l\u00e4hemalt<\/a><\/p>\n<\/li>\n<\/ul>\n<p><!--more--><br \/>\n<!-- {\"type\":\"layout\",\"children\":[{\"type\":\"section\",\"props\":{\"image_position\":\"center-center\",\"padding_remove_bottom\":true,\"style\":\"default\",\"title_breakpoint\":\"xl\",\"title_position\":\"top-left\",\"title_rotation\":\"left\",\"vertical_align\":\"middle\",\"width\":\"default\"},\"children\":[{\"type\":\"row\",\"children\":[{\"type\":\"column\",\"props\":{\"image_position\":\"center-center\",\"position_sticky_breakpoint\":\"m\",\"width_medium\":\"1-1\"},\"children\":[{\"type\":\"headline\",\"props\":{\"content\":\"JUHATUS\",\"title_element\":\"h1\"}}]}]}]},{\"type\":\"section\",\"props\":{\"image_position\":\"center-center\",\"style\":\"default\",\"title_breakpoint\":\"xl\",\"title_position\":\"top-left\",\"title_rotation\":\"left\",\"vertical_align\":\"middle\",\"width\":\"default\"},\"children\":[{\"type\":\"row\",\"children\":[{\"type\":\"column\",\"props\":{\"image_position\":\"center-center\",\"position_sticky_breakpoint\":\"m\",\"width_medium\":\"1-1\"},\"children\":[{\"type\":\"headline\",\"props\":{\"content\":\"\",\"title_element\":\"h2\"}},{\"type\":\"grid\",\"props\":{\"content_column_breakpoint\":\"m\",\"filter_align\":\"left\",\"filter_all\":true,\"filter_grid_breakpoint\":\"m\",\"filter_grid_width\":\"auto\",\"filter_position\":\"top\",\"filter_style\":\"tab\",\"grid_default\":\"1\",\"grid_divider\":true,\"grid_medium\":\"3\",\"icon_width\":80,\"image_align\":\"top\",\"image_grid_breakpoint\":\"m\",\"image_grid_width\":\"1-2\",\"image_svg_color\":\"emphasis\",\"item_animation\":true,\"link_style\":\"primary\",\"link_text\":\"Vaata l\\u00e4hemalt\",\"margin\":\"default\",\"meta_align\":\"below-title\",\"meta_element\":\"div\",\"meta_style\":\"text-meta\",\"panel_padding\":\"default\",\"panel_style\":\"card-default\",\"parallax_easing\":\"1\",\"show_content\":true,\"show_image\":true,\"show_link\":true,\"show_meta\":true,\"show_title\":true,\"title_align\":\"top\",\"title_element\":\"h3\",\"title_grid_breakpoint\":\"m\",\"title_grid_width\":\"1-2\",\"title_hover_style\":\"reset\"},\"children\":[{\"type\":\"grid_item\",\"props\":{\"content\":\"\n\n<p>Liven AS n\\u00f5ukogu liige ja EKFL juhatuse esimees<\\\/p>\\n\n\n<p>Tel: +372 503 5933<\\\/p>\\n\n\n<p>E-post: andres.aavik@liven.ee<\\\/p>\",\"link\":\"https:\\\/\\\/liven.ee\\\/liven\\\/#worker-2118\",\"meta\":\"\",\"title\":\"Andres Aavik\"}},{\"type\":\"grid_item\",\"props\":{\"content\":\"\n\n<p>Domus Kinnisvara Vahendus O\\u00dc juhatuse liige ja EKFL juhatuse aseesimees<\\\/p>\\n\n\n<p>Tel:\\u00a0+372 523 3423<\\\/p>\\n\n\n<p>E-post:\\u00a0ingvar.allekand@domus.ee<\\\/p>\",\"link\":\"https:\\\/\\\/domuskinnisvara.ee\\\/juhtkond\\\/ingvar-allekand\\\/\",\"title\":\"Ingvar Allekand\"}},{\"type\":\"grid_item\",\"props\":{\"content\":\"\n\n<p>Adaur Grupp O\\u00dc juhatuse liige<\\\/p>\\n\n\n<p>Tel:\\u00a0+372 525 9703<\\\/p>\\n\n\n<p>E-post:\\u00a0tonu@toompark.ee<\\\/p>\",\"link\":\"http:\\\/\\\/www.adaur.ee\\\/kontaktid\\\/kes-on-tonu-toompark\\\/\",\"title\":\"T\\u00f5nu Toompark\"}},{\"type\":\"grid_item\",\"props\":{\"content\":\"\n\n<p>Restate\\u00a0 Property Advisors O\\u00dc juhatuse liige<\\\/p>\\n\n\n<p>Tel:\\u00a0+372 504 8098<\\\/p>\\n\n\n<p>E-post:\\u00a0ardi.roosimaa@restate.ee<\\\/p>\\n\n\n<p>\\u00a0<\\\/p>\",\"link\":\"https:\\\/\\\/restate.ee\\\/meeskond\\\/\",\"title\":\"Ardi Roosimaa\"}},{\"type\":\"grid_item\",\"props\":{\"content\":\"\n\n<p>Bonava Eesti O\\u00dc juhatuse liige<\\\/p>\\n\n\n<p>Tel:\\u00a0+372 502 6312<\\\/p>\\n\n\n<p>E-post:\\u00a0maret.valjaots@bonava.com<\\\/p>\",\"link\":\"https:\\\/\\\/www.bonava.ee\\\/meist\",\"title\":\"Maret V\\u00e4ljaots\"}},{\"type\":\"grid_item\",\"props\":{\"content\":\"\n\n<p>O\\u00dc Kinnisvarab\\u00fcroo Uus Maa juhatuse liige<\\\/p>\\n\n\n<p>Tel:+372 508 8963<\\\/p>\\n\n\n<p>E-Post:\\u00a0eno.juul@uusmaa.ee<\\\/p>\",\"image\":\"\",\"link\":\"https:\\\/\\\/uusmaa.ee\\\/eno-juul\\\/\",\"title\":\"Eno Juul\"}},{\"type\":\"grid_item\",\"props\":{\"content\":\"\n\n<p>CEO, partner<\\\/p>\\n\n\n<p>Tel: +372 5667 7305<\\\/p>\\n\n\n<p>E-Post: hannes@elon.ee<\\\/p>\",\"icon\":\"https:\\\/\\\/elon.ee\\\/et\\\/meeskond\\\/inimesed\",\"image\":\"\",\"link\":\"https:\\\/\\\/elon.ee\\\/et\\\/meeskond\\\/inimesed\",\"link_aria_label\":\"https:\\\/\\\/elon.ee\\\/et\\\/meeskond\\\/inimesed\",\"link_text\":\"Vaata l\\u00e4hemalt\",\"title\":\"Hannes Roosaar\"}}]}]}]}]}],\"version\":\"4.3.13\"} --><\/p>","protected":false},"excerpt":{"rendered":"<p>JUHATUS Andres Aavik Liven AS n\u00f5ukogu liige ja EKFL juhatuse esimees Tel: +372 503 5933 E-post: andres.aavik@liven.ee Vaata l\u00e4hemalt Ingvar Allekand Domus Kinnisvara Vahendus O\u00dc juhatuse liige ja EKFL juhatuse aseesimees Tel:\u00a0+372 523 3423 E-post:\u00a0ingvar.allekand@domus.ee Vaata l\u00e4hemalt T\u00f5nu Toompark Adaur Grupp O\u00dc juhatuse liige Tel:\u00a0+372 525 9703 E-post:\u00a0tonu@toompark.ee Vaata l\u00e4hemalt Ardi Roosimaa Restate\u00a0 Property Advisors [&hellip;]<\/p>","protected":false},"author":1,"featured_media":0,"parent":5903,"menu_order":1,"comment_status":"closed","ping_status":"closed","template":"","meta":[],"acf":[],"_links":{"self":[{"href":"https:\/\/www.ekfl.ee\/ru\/wp-json\/wp\/v2\/pages\/5912"}],"collection":[{"href":"https:\/\/www.ekfl.ee\/ru\/wp-json\/wp\/v2\/pages"}],"about":[{"href":"https:\/\/www.ekfl.ee\/ru\/wp-json\/wp\/v2\/types\/page"}],"author":[{"embeddable":true,"href":"https:\/\/www.ekfl.ee\/ru\/wp-json\/wp\/v2\/users\/1"}],"replies":[{"embeddable":true,"href":"https:\/\/www.ekfl.ee\/ru\/wp-json\/wp\/v2\/comments?post=5912"}],"version-history":[{"count":34,"href":"https:\/\/www.ekfl.ee\/ru\/wp-json\/wp\/v2\/pages\/5912\/revisions"}],"predecessor-version":[{"id":23304,"href":"https:\/\/www.ekfl.ee\/ru\/wp-json\/wp\/v2\/pages\/5912\/revisions\/23304"}],"up":[{"embeddable":true,"href":"https:\/\/www.ekfl.ee\/ru\/wp-json\/wp\/v2\/pages\/5903"}],"wp:attachment":[{"href":"https:\/\/www.ekfl.ee\/ru\/wp-json\/wp\/v2\/media?parent=5912"}],"curies":[{"name":"wp","href":"https:\/\/api.w.org\/{rel}","templated":true}]}}