{"id":5917,"date":"2014-08-11T09:29:37","date_gmt":"2014-08-11T09:29:37","guid":{"rendered":"http:\/\/project.a3ia.com\/site\/?page_id=5917"},"modified":"2025-06-02T11:33:35","modified_gmt":"2025-06-02T08:33:35","slug":"tegevus","status":"publish","type":"page","link":"https:\/\/www.ekfl.ee\/ru\/ekfl\/tegevus\/","title":{"rendered":"Tegevus"},"content":{"rendered":"<h1>Tegevus<\/h1>\n<div>\n<h3>\u00dcLEVAADE EESTI KINNISVARAFIRMADE LIIDU TEGEVUSEST<\/h3>\n<\/div>\n<ul>\n<li>\n        <a href=\"\/ekfluus\/ekfl\/%d0%be%d0%b1%d0%b7%d0%be%d1%80-%d0%b4%d0%b5%d1%8f%d1%82%d0%b5%d0%bb%d1%8c%d0%bd%d0%be%d1%81%d1%82%d0%b8\/\">RUS<\/a>\n    <\/li>\n<li>\n        <a href=\"\/ekfluus\/ekfl\/overview-of-activities\/\">ENG<\/a>\n    <\/li>\n<\/ul>\n<div>\n<div class=\"uk-margin-medium\">\n<p>Eesti Kinnisvarafirmade Liit asutati 10.m\u00e4rtsil 1994.a.<\/p>\n<p>EKFL on mittetulundus\u00fching, mida juhib kaheks aastaks valitav 8-liikmeline juhatus. 2025. aastal valiti juhatusse Andres Aavik (juhatuse esimees), Ingvar Allekand\u00a0 (juhatuse aseesimees), Eno Juul, Ardi Roosimaa, T\u00f5nu Toompark, Maret V\u00e4ljaots, Hannes Roosaar, T\u00f5nis R\u00fc\u00fctel. Tegevdirektoriks on T\u00f5nis R\u00fc\u00fctel.<\/p>\n<p>EKFL on kinnisvara vahenduse, arenduse, halduse ja konsultatsioonidega tegelevate \u00e4ri\u00fchingute \u00fchendus, mis \u00fchendab Eesti kinnisvarafirmasid, kes peavad oluliseks klientide ausat, kiiret, korrektset ja asjatundlikku teenindamist.<\/p>\n<p>Liidu liikmete turvalise ja h\u00e4id tavasid j\u00e4rgiva teenindamise tagamiseks on EKFL \u00fcldkoosoleku poolt kinnitatud Liidu liikmete heade tavade koodeks ja asutatud selle t\u00e4itmiseks Aukohus, kes juhindub Heade Tavade Koodeksist ja maailmas tunnustatud praktikast.<\/p>\n<p>Aukohtu koosseisu valib Liidu \u00fcldkoosolek 2 aastaks. Kohus arutab ja lahendab vaidlusi, kus v\u00e4hemalt \u00fcks osapool on Liidu liige. Aukohtu poole on avalduse v\u00f5i kaebusega \u00f5igus p\u00f6\u00f6rduda igal Liidu liikmesfirma kliendil kui ka Liidu liikmel.<\/p>\n<p>EKFLi liikmeksolek annab kliendile tehingu korraldamisel suurema kindlustunde ja usalduse.<\/p>\n<\/div>\n<\/div>\n<h3>Miks ja kellele<\/h3>\n<div>\n<p>EKFL on kinnisvara vahenduse, arenduse, halduse ja konsultatsioonidega tegelevate \u00e4ri\u00fchingute \u00fchendus.<\/p>\n<p>EKFLi kuulumine on kujunenud kinnisvarafirmadele lisav\u00e4\u00e4rtuseks, mis suurendab nende usalduskrediiti.<\/p>\n<p>EKFLi liikmed peavad oluliseks klientide ausat, kiiret, korrektset ja asjatundlikku teenindamist.<\/p>\n<\/div>\n<p><!--more--><br \/>\n<!-- {\"type\":\"layout\",\"children\":[{\"type\":\"section\",\"props\":{\"image_position\":\"center-center\",\"style\":\"default\",\"title_breakpoint\":\"xl\",\"title_position\":\"top-left\",\"title_rotation\":\"left\",\"vertical_align\":\"middle\",\"width\":\"default\"},\"children\":[{\"type\":\"row\",\"children\":[{\"type\":\"column\",\"props\":{\"image_position\":\"center-center\",\"position_sticky_breakpoint\":\"m\",\"width_medium\":\"1-1\"},\"children\":[{\"type\":\"headline\",\"props\":{\"content\":\"Tegevus\",\"title_element\":\"h1\"}},{\"type\":\"text\",\"props\":{\"column_breakpoint\":\"m\",\"content\":\"\n\n<h3>\\u00dcLEVAADE EESTI KINNISVARAFIRMADE LIIDU TEGEVUSEST<\\\/h3>\",\"margin\":\"default\"}},{\"type\":\"subnav\",\"props\":{\"animation\":\"slide-right-small\",\"subnav_style\":\"divider\"},\"children\":[{\"type\":\"subnav_item\",\"props\":{\"content\":\"RUS\",\"link\":\"\\\/ekfluus\\\/ekfl\\\/%d0%be%d0%b1%d0%b7%d0%be%d1%80-%d0%b4%d0%b5%d1%8f%d1%82%d0%b5%d0%bb%d1%8c%d0%bd%d0%be%d1%81%d1%82%d0%b8\\\/\"}},{\"type\":\"subnav_item\",\"props\":{\"content\":\"ENG\",\"link\":\"\\\/ekfluus\\\/ekfl\\\/overview-of-activities\\\/\"}}]}]}]}]},{\"type\":\"section\",\"props\":{\"image_position\":\"center-center\",\"padding_remove_top\":true,\"style\":\"default\",\"title_breakpoint\":\"xl\",\"title_position\":\"top-left\",\"title_rotation\":\"left\",\"vertical_align\":\"middle\",\"width\":\"default\"},\"children\":[{\"type\":\"row\",\"props\":{\"layout\":\"1-2,1-2\"},\"children\":[{\"type\":\"column\",\"props\":{\"image_position\":\"center-center\",\"position_sticky_breakpoint\":\"m\",\"width_medium\":\"1-2\"},\"children\":[{\"type\":\"text\",\"props\":{\"column_breakpoint\":\"m\",\"content\":\"\n\n<div class=\\\"uk-margin-medium\\\">\\n\n\n<p>Eesti Kinnisvarafirmade Liit asutati 10.m\\u00e4rtsil 1994.a.<\\\/p>\\n\n\n<p>EKFL on mittetulundus\\u00fching, mida juhib kaheks aastaks valitav 8-liikmeline juhatus. 2025. aastal valiti juhatusse Andres Aavik (juhatuse esimees), Ingvar Allekand\\u00a0 (juhatuse aseesimees), Eno Juul, Ardi Roosimaa, T\\u00f5nu Toompark, Maret V\\u00e4ljaots, Hannes Roosaar, T\\u00f5nis R\\u00fc\\u00fctel. Tegevdirektoriks on T\\u00f5nis R\\u00fc\\u00fctel.<\\\/p>\\n\n\n<p>EKFL on kinnisvara vahenduse, arenduse, halduse ja konsultatsioonidega tegelevate \\u00e4ri\\u00fchingute \\u00fchendus, mis \\u00fchendab Eesti kinnisvarafirmasid, kes peavad oluliseks klientide ausat, kiiret, korrektset ja asjatundlikku teenindamist.<\\\/p>\\n\n\n<p>Liidu liikmete turvalise ja h\\u00e4id tavasid j\\u00e4rgiva teenindamise tagamiseks on EKFL \\u00fcldkoosoleku poolt kinnitatud Liidu liikmete heade tavade koodeks ja asutatud selle t\\u00e4itmiseks Aukohus, kes juhindub Heade Tavade Koodeksist ja maailmas tunnustatud praktikast.<\\\/p>\\n\n\n<p>Aukohtu koosseisu valib Liidu \\u00fcldkoosolek 2 aastaks. Kohus arutab ja lahendab vaidlusi, kus v\\u00e4hemalt \\u00fcks osapool on Liidu liige. Aukohtu poole on avalduse v\\u00f5i kaebusega \\u00f5igus p\\u00f6\\u00f6rduda igal Liidu liikmesfirma kliendil kui ka Liidu liikmel.<\\\/p>\\n\n\n<p>EKFLi liikmeksolek annab kliendile tehingu korraldamisel suurema kindlustunde ja usalduse.<\\\/p>\\n<\\\/div>\",\"margin\":\"default\"}}]},{\"type\":\"column\",\"props\":{\"image_position\":\"center-center\",\"position_sticky_breakpoint\":\"m\",\"style\":\"tile-muted\",\"width_medium\":\"1-2\"},\"children\":[{\"type\":\"headline\",\"props\":{\"content\":\"Miks ja kellele\",\"title_element\":\"h3\"}},{\"type\":\"text\",\"props\":{\"column_breakpoint\":\"m\",\"content\":\"\n\n<p>EKFL on kinnisvara vahenduse, arenduse, halduse ja konsultatsioonidega tegelevate \\u00e4ri\\u00fchingute \\u00fchendus.<\\\/p>\\n\n\n<p>EKFLi kuulumine on kujunenud kinnisvarafirmadele lisav\\u00e4\\u00e4rtuseks, mis suurendab nende usalduskrediiti.<\\\/p>\\n\n\n<p>EKFLi liikmed peavad oluliseks klientide ausat, kiiret, korrektset ja asjatundlikku teenindamist.<\\\/p>\",\"margin\":\"default\"}}]}]}]}],\"version\":\"4.3.13\"} --><\/p>","protected":false},"excerpt":{"rendered":"<p>Tegevus \u00dcLEVAADE EESTI KINNISVARAFIRMADE LIIDU TEGEVUSEST RUS ENG Eesti Kinnisvarafirmade Liit asutati 10.m\u00e4rtsil 1994.a. EKFL on mittetulundus\u00fching, mida juhib kaheks aastaks valitav 8-liikmeline juhatus. 2025. aastal valiti juhatusse Andres Aavik (juhatuse esimees), Ingvar Allekand\u00a0 (juhatuse aseesimees), Eno Juul, Ardi Roosimaa, T\u00f5nu Toompark, Maret V\u00e4ljaots, Hannes Roosaar, T\u00f5nis R\u00fc\u00fctel. Tegevdirektoriks on T\u00f5nis R\u00fc\u00fctel. EKFL on kinnisvara [&hellip;]<\/p>","protected":false},"author":1,"featured_media":0,"parent":5903,"menu_order":0,"comment_status":"closed","ping_status":"closed","template":"","meta":[],"acf":[],"_links":{"self":[{"href":"https:\/\/www.ekfl.ee\/ru\/wp-json\/wp\/v2\/pages\/5917"}],"collection":[{"href":"https:\/\/www.ekfl.ee\/ru\/wp-json\/wp\/v2\/pages"}],"about":[{"href":"https:\/\/www.ekfl.ee\/ru\/wp-json\/wp\/v2\/types\/page"}],"author":[{"embeddable":true,"href":"https:\/\/www.ekfl.ee\/ru\/wp-json\/wp\/v2\/users\/1"}],"replies":[{"embeddable":true,"href":"https:\/\/www.ekfl.ee\/ru\/wp-json\/wp\/v2\/comments?post=5917"}],"version-history":[{"count":11,"href":"https:\/\/www.ekfl.ee\/ru\/wp-json\/wp\/v2\/pages\/5917\/revisions"}],"predecessor-version":[{"id":23300,"href":"https:\/\/www.ekfl.ee\/ru\/wp-json\/wp\/v2\/pages\/5917\/revisions\/23300"}],"up":[{"embeddable":true,"href":"https:\/\/www.ekfl.ee\/ru\/wp-json\/wp\/v2\/pages\/5903"}],"wp:attachment":[{"href":"https:\/\/www.ekfl.ee\/ru\/wp-json\/wp\/v2\/media?parent=5917"}],"curies":[{"name":"wp","href":"https:\/\/api.w.org\/{rel}","templated":true}]}}