{"id":7412,"date":"2014-11-20T20:41:00","date_gmt":"2014-11-20T20:41:00","guid":{"rendered":"http:\/\/project.a3ia.com\/site\/?page_id=7412"},"modified":"2018-06-06T12:07:42","modified_gmt":"2018-06-06T12:07:42","slug":"buroohoone-klassi-maaramise-tabel","status":"publish","type":"page","link":"https:\/\/www.ekfl.ee\/ru\/buroohoonete-klassifikaator\/buroohoone-klassi-maaramise-tabel\/","title":{"rendered":"B\u00fcroohoone Klassi M\u00e4\u00e4ramise Tabel"},"content":{"rendered":"<p>B&Uuml;ROOHOONE KLASSIFIKATSIOONI M&Auml;&Auml;RAMISE TABEL<\/p>\n<p>Punktid on jaotatud kohustuslikeks A-klassile (KA), kohustuslikeks A- ja B- klassile (K) ja t&auml;iendavateks (T).<br \/>&ndash;A-klassi hoone puhul eeldatakse 12 kohustusliku (KA ja K) kriteeriumi t&auml;itmist<br \/>&ndash;B-klassi hoone puhul eeldatakse 9 kohustusliku (K) kriteeriumi t&auml;itmist.<br \/>&ndash;Madalama klassi hooned peavad vastama kaasaegsetele ehitusnormidele.<\/p>\n<style>@media (max-width:480px){#cp_calculatedfieldsf_pform_1{min-height:2134px;}}@media (max-width:768px){#cp_calculatedfieldsf_pform_1{min-height:1685px;}}@media (max-width:1024px){#cp_calculatedfieldsf_pform_1{min-height:1723px;}}@media (min-width:1024px){#cp_calculatedfieldsf_pform_1{min-height:1694px;}}<\/style><form name=\"cp_calculatedfieldsf_pform_1\" id=\"cp_calculatedfieldsf_pform_1\" action=\"https:\/\/www.ekfl.ee\/ru\/buroohoonete-klassifikaator\/buroohoone-klassi-maaramise-tabel\/\" method=\"post\" enctype=\"multipart\/form-data\" onsubmit=\"return fbuilderjQuery.fbuilder.doValidate(this);\" class=\"cff-form\"  data-nonce=\"b3c969f62f\" data-trp-original-action=\"https:\/\/www.ekfl.ee\/ru\/buroohoonete-klassifikaator\/buroohoone-klassi-maaramise-tabel\/\">\n<input type=\"hidden\" name=\"cp_calculatedfieldsf_pform_psequence\" value=\"_1\" \/>\n<input type=\"hidden\" name=\"cp_calculatedfieldsf_id\" value=\"6\" \/>\n<input type=\"hidden\" name=\"cp_ref_page\" value=\"https:\/\/www.ekfl.ee\" \/>\n<pre style=\"display:none !important;\"><script type=\"text\/javascript\">form_structure_1=[[{\"form_identifier\":\"\",\"name\":\"separator1\",\"shortlabel\":\"\",\"index\":0,\"ftype\":\"fSectionBreak\",\"userhelp\":\"\",\"userhelpTooltip\":false,\"csslayout\":\"section\",\"title\":\"\\u003Ch2\\u003E\\u003Cstrong\\u003E1 OSA: KVALITEEDI TUNNUSED\\u003C\\\/h2\\u003E\\u003C\\\/strong\\u003E\",\"fBuild\":{},\"parent\":\"\"},{\"form_identifier\":\"\",\"name\":\"fieldname2\",\"shortlabel\":\"\",\"index\":1,\"ftype\":\"fcheck\",\"userhelp\":\"\",\"userhelpTooltip\":false,\"csslayout\":\"\",\"title\":\"\\u003Ch3\\u003E\\u003Cstrong\\u003E1. Hoone\\u003C\\\/h3\\u003E\\u003C\\\/strong\\u003E\",\"layout\":\"one_column\",\"required\":false,\"toSubmit\":\"value\",\"showDep\":false,\"choices\":[\"1.1. Hoone struktuur (K)\",\"1.2. Hoone efektiivsus ja pindade jaotus (KA)\",\"1.3. Laed ja valgustus (K)\",\"1.4. Maam\\u00e4rk (T)\"],\"choicesVal\":[\"1\",\"2\",\"1\",\"0\"],\"choiceSelected\":[false,false,false,false],\"choicesDep\":[[],[],[],[]],\"fBuild\":{},\"parent\":\"\"},{\"form_identifier\":\"\",\"name\":\"fieldname3\",\"shortlabel\":\"\",\"index\":2,\"ftype\":\"fcheck\",\"userhelp\":\"\",\"userhelpTooltip\":false,\"csslayout\":\"\",\"title\":\"\\u003Cstrong\\u003E\\u003Ch3\\u003E2. Tehnos\\u00fcsteemid\\u003C\\\/h3\\u003E\\u003C\\\/strong\\u003E\",\"layout\":\"one_column\",\"required\":false,\"toSubmit\":\"value\",\"showDep\":false,\"choices\":[\"2.1. Elektrivarustus (K)\",\"2.2. K\\u00fcte, jahutus, ventilatsioon (K)\",\"2.3. Kaabeldus ja madalpinge (K)\",\"2.4. Liftid (K)\",\"2.5. BMS-s\\u00fcsteem (hoone haldamise programm) (KA)\"],\"choicesVal\":[\"1\",\"1\",\"1\",\"1\",\"2\"],\"choiceSelected\":[false,false,false,false,false],\"choicesDep\":[[],[],[],[],[]],\"fBuild\":{},\"parent\":\"\"},{\"form_identifier\":\"\",\"name\":\"fieldname4\",\"shortlabel\":\"\",\"index\":3,\"ftype\":\"fcheck\",\"userhelp\":\"\",\"userhelpTooltip\":false,\"csslayout\":\"\",\"title\":\"\\u003Ch3\\u003E\\u003Cstrong\\u003E3. Teenused\\u003C\\\/h3\\u003E\\u003C\\\/strong\\u003E\",\"layout\":\"one_column\",\"required\":false,\"toSubmit\":\"value\",\"showDep\":false,\"choices\":[\"3.1. Lobby\\\/Fuajee\\\/Vastuv\\u00f5tuala (KA)\",\"3.2. Parkimine ja teenindusalad (K)\",\"3.3. K\\u00f5rvalteenused (K)\",\"3.4. Lisapinnav\\u00f5imalus (T)\"],\"choicesVal\":[\"2\",\"1\",\"1\",\"0\"],\"choiceSelected\":[false,false,false,false],\"choicesDep\":[[],[],[],[]],\"fBuild\":{},\"parent\":\"\"},{\"form_identifier\":\"\",\"name\":\"fieldname5\",\"shortlabel\":\"\",\"index\":4,\"ftype\":\"fcheck\",\"userhelp\":\"\",\"userhelpTooltip\":false,\"csslayout\":\"\",\"title\":\"\\u003Ch3\\u003E\\u003Cstrong\\u003E4. Keskkond\\u003C\\\/h3\\u003E\\u003C\\\/strong\\u003E\",\"layout\":\"one_column\",\"required\":false,\"toSubmit\":\"text\",\"showDep\":false,\"choices\":[\"4.1. P\\u00e4evavalgus (T)\",\"4.2. M\\u00fcra (K)\",\"4.3. Keskkonna standardid (T)\",\"4.4. S\\u00fcsiniku jalaj\\u00e4lg (T)\"],\"choicesVal\":[\"0\",\"1\",\"0\",\"0\"],\"choiceSelected\":[false,false,false,false],\"choicesDep\":[[],[],[],[]],\"fBuild\":{},\"parent\":\"\"},{\"form_identifier\":\"\",\"name\":\"fieldname6\",\"shortlabel\":\"\",\"index\":5,\"ftype\":\"fSectionBreak\",\"userhelp\":\"\",\"userhelpTooltip\":false,\"csslayout\":\"\",\"title\":\"\\u003Ch2\\u003E\\u003Cstrong\\u003EII OSA: Asukoha Tunnused\\u003C\\\/h2\\u003E\\u003C\\\/strong\\u003E\",\"fBuild\":{},\"parent\":\"\"},{\"form_identifier\":\"\",\"name\":\"fieldname7\",\"shortlabel\":\"\",\"index\":6,\"ftype\":\"fcheck\",\"userhelp\":\"\",\"userhelpTooltip\":false,\"csslayout\":\"\",\"title\":\"\\u003Ch4\\u003E\\u003Cstrong\\u003EA-klassi asukoht\\u003C\\\/h4\\u003E\\u003C\\\/strong\\u003E\",\"layout\":\"one_column\",\"required\":false,\"toSubmit\":\"text\",\"showDep\":false,\"choices\":[\"P\\u00e4rnu mnt (alates Suur-Ameerika ja Liivalaia ristmikust kuni Narva mnt ja Mere pst ristmikuni), Mere pst (alates Narva mnt ja P\\u00e4rnu mnt ristmikust Ahtri t\\u00e4navani), Ahtri t\\u00e4nav, J\\u00f5e t\\u00e4nav, Pronksi t\\u00e4nav, Liivalaia t\\u00e4nav\"],\"choicesVal\":[\"2\"],\"choiceSelected\":[false],\"choicesDep\":[[]],\"fBuild\":{},\"parent\":\"\"},{\"form_identifier\":\"\",\"name\":\"fieldname8\",\"shortlabel\":\"\",\"index\":7,\"ftype\":\"fcheck\",\"userhelp\":\"\",\"userhelpTooltip\":false,\"csslayout\":\"\",\"title\":\"\\u003Ch4\\u003E\\u003Cstrong\\u003EB-klassi asukoht\\u003C\\\/h4\\u003E\\u003C\\\/strong\\u003E\",\"layout\":\"one_column\",\"required\":false,\"toSubmit\":\"text\",\"showDep\":false,\"choices\":[\"(allj\\u00e4rgnevates piirides ja m\\u00f5ned eraldiseisvad alad)  P\\u00f5hja pst \\u2013 Telliskivi tn \\u2013 Tulika tn \\u2013 Kotka tn \\u2013 P\\u00e4rnu mnt \\u2013 J\\u00e4rvevana tee \\u2013 Peterburi tee \\u2013  Lubja piirkond \\u2013 Kadrioru ala \\u2013 Sadama ala \\u2013 P\\u00f5hja pst.   Lisaks peamised magistraalid:  Paldiski mnt,  Kadaka tee, Mustam\\u00e4e tee ja S\\u00f5pruse pst. kuni Ehitajate ja Tammsaare teeni (need kaasa arvatud)  Narva mnt, Punane tn ja Peterburi tee kuni Smuuli t\\u00e4navani.  Pirita tee kuni Kose teeni.  Tallinna Tehnika\\u00fclikooli ja Tehnopoli ala ning \\u00dclemiste City lennuv\\u00e4ljaga piirnev arendusala.\"],\"choicesVal\":[\"1\"],\"choiceSelected\":[false],\"choicesDep\":[[]],\"fBuild\":{},\"parent\":\"\"},{\"form_identifier\":\"\",\"name\":\"fieldname9\",\"shortlabel\":\"\",\"index\":8,\"ftype\":\"fcheck\",\"userhelp\":\"\",\"userhelpTooltip\":false,\"csslayout\":\"\",\"title\":\"\\u003Ch4\\u003E\\u003Cstrong\\u003EC-klassi asukoht\\u003C\\\/h4\\u003E\\u003C\\\/strong\\u003E\",\"layout\":\"one_column\",\"required\":false,\"toSubmit\":\"text\",\"showDep\":false,\"choices\":[\"k\\u00f5ik \\u00fclej\\u00e4\\u00e4nud\"],\"choicesVal\":[\"0\"],\"choiceSelected\":[false],\"choicesDep\":[[]],\"fBuild\":{},\"parent\":\"\"},{\"form_identifier\":\"\",\"name\":\"fieldname1\",\"shortlabel\":\"\",\"index\":9,\"ftype\":\"fCalculated\",\"userhelp\":\"\",\"userhelpTooltip\":false,\"csslayout\":\"\",\"title\":\"Kogusumma\",\"predefined\":\"\",\"required\":false,\"size\":\"medium\",\"toolbar\":\"default|mathematical\",\"eq\":\"fieldname2+fieldname3+fieldname4+fieldname5+fieldname7+fieldname8+fieldname9\",\"suffix\":\"\",\"prefix\":\"\",\"decimalsymbol\":\".\",\"groupingsymbol\":\"\",\"dependencies\":[{\"rule\":\"\",\"complex\":false,\"fields\":[\"\"]}],\"readonly\":true,\"hidefield\":true,\"fBuild\":{},\"parent\":\"\"},{\"form_identifier\":\"\",\"name\":\"fieldname18\",\"shortlabel\":\"\",\"index\":10,\"ftype\":\"fCalculated\",\"userhelp\":\"\",\"userhelpTooltip\":false,\"csslayout\":\"\",\"title\":\"Klass:\",\"predefined\":\"\",\"required\":false,\"size\":\"medium\",\"toolbar\":\"default|mathematical\",\"eq\":\"(function(){\\n\\nif(fieldname1 \\u003E= 17) return 'A';\\nif(fieldname1 \\u003E= 10) return 'B';\\nif(fieldname1 \\u003C= 9) return 'C';\\nif(fieldname1 \\u003C= 0) return 'TEADMATA';\\n\\n})();\",\"suffix\":\"\",\"prefix\":\"\",\"decimalsymbol\":\".\",\"groupingsymbol\":\"\",\"dependencies\":[{\"rule\":\"value==9\",\"complex\":true,\"fields\":[\"fieldname14\"]},{\"rule\":\"value\\u003E=8\",\"complex\":true,\"fields\":[\"fieldname13\"]},{\"rule\":\"value\\u003C9\",\"complex\":false,\"fields\":[\"fieldname16\",\"\"]}],\"readonly\":true,\"hidefield\":true,\"fBuild\":{},\"parent\":\"\",\"predefinedClick\":false},{\"form_identifier\":\"\",\"name\":\"fieldname12\",\"shortlabel\":\"\",\"index\":11,\"ftype\":\"fsummary\",\"userhelp\":\"\",\"userhelpTooltip\":false,\"csslayout\":\"\",\"title\":\"Punkte kokku: \",\"fields\":\"fieldname1\",\"titleClassname\":\"summary-field-title\",\"valueClassname\":\"summary-field-value\",\"fBuild\":{},\"parent\":\"\"},{\"form_identifier\":\"\",\"name\":\"fieldname17\",\"shortlabel\":\"\",\"index\":12,\"ftype\":\"fsummary\",\"userhelp\":\"\",\"userhelpTooltip\":false,\"csslayout\":\"\",\"title\":\"B\\u00fcroohoone klass on: \",\"fields\":\"fieldname18\",\"titleClassname\":\"summary-field-title\",\"valueClassname\":\"summary-field-value\",\"fBuild\":{},\"parent\":\"\"}],{\"0\":{\"title\":\"B\\u00fcroohoone Klassifikaator\",\"description\":\"\",\"formlayout\":\"top_aligned\",\"formtemplate\":\"\",\"evalequations\":1,\"autocomplete\":1,\"persistence\":0,\"customstyles\":\"\"},\"formid\":\"cp_calculatedfieldsf_pform_1\"}];<\/script><\/pre>\n<div id=\"fbuilder\">\n\t\t<div id=\"fbuilder_1\">\n\t\t<div id=\"formheader_1\"><\/div>\n\t\t<div id=\"fieldlist_1\"><\/div>\n\t\t<div class=\"clearer\"><\/div>\n\t<\/div>\n<\/div>\n\t<div id=\"cp_subbtn_1\" class=\"cp_subbtn\" style=\"display:none;\"><\/div><div class=\"clearer\"><\/div>\n\t<input type=\"hidden\" id=\"_cpcff_public_nonce\" name=\"_cpcff_public_nonce\" value=\"4a819c14fe\" \/><input type=\"hidden\" name=\"_wp_http_referer\" value=\"\/ru\/wp-json\/wp\/v2\/pages\/7412\" \/><input type=\"hidden\" name=\"trp-form-language\" value=\"ru\"\/><\/form>\n\t\n<p>Klassifikaator<\/p>\n<p>B\u00fcroohoonete klassifikaator *ppt<\/p>\n<p>B\u00fcroohoonete klassi asukoha kaart *pdf<\/p>\n<p><!-- {\"name\":\"\",\"type\":\"layout\",\"children\":[{\"name\":\"\",\"type\":\"section\",\"props\":{\"style\":\"default\",\"width\":\"default\",\"vertical_align\":\"middle\",\"title_position\":\"top-left\",\"title_rotation\":\"left\",\"title_breakpoint\":\"xl\",\"image_position\":\"center-center\",\"padding\":\"small\",\"padding_remove_top\":false},\"children\":[{\"name\":\"\",\"type\":\"row\",\"props\":{\"fixed_width\":\"large\",\"breakpoint\":\"m\",\"layout\":\"1-1\"},\"children\":[{\"name\":\"\",\"type\":\"column\",\"props\":{\"widths\":[\"1-1\"],\"image_position\":\"center-center\"},\"children\":[{\"name\":\"\",\"type\":\"headline\",\"props\":{\"title_element\":\"h1\",\"content\":\"B&Uuml;ROOHOONE KLASSIFIKATSIOONI M&Auml;&Auml;RAMISE TABEL\"}}]}]}]},{\"name\":\"\",\"type\":\"section\",\"props\":{\"style\":\"default\",\"width\":\"default\",\"vertical_align\":\"middle\",\"title_position\":\"top-left\",\"title_rotation\":\"left\",\"title_breakpoint\":\"xl\",\"image_position\":\"center-center\",\"padding\":\"small\"},\"children\":[{\"name\":\"\",\"type\":\"row\",\"props\":{\"fixed_width\":\"large\",\"breakpoint\":\"m\",\"layout\":\"2-3,\"},\"children\":[{\"name\":\"\",\"type\":\"column\",\"props\":{\"widths\":[\"2-3\"],\"image_position\":\"center-center\"},\"children\":[{\"name\":\"\",\"type\":\"text\",\"props\":{\"margin\":\"default\",\"column_breakpoint\":\"m\",\"content\":\"\n\n<p>Punktid on jaotatud kohustuslikeks A-klassile (KA), kohustuslikeks A- ja B- klassile (K) ja t&auml;iendavateks (T).<br \\\/>&ndash;A-klassi hoone puhul eeldatakse 12 kohustusliku (KA ja K) kriteeriumi t&auml;itmist<br \\\/>&ndash;B-klassi hoone puhul eeldatakse 9 kohustusliku (K) kriteeriumi t&auml;itmist.<br \\\/>&ndash;Madalama klassi hooned peavad vastama kaasaegsetele ehitusnormidele.<\\\/p>\"}},{\"name\":\"\",\"type\":\"text\",\"props\":{\"margin\":\"default\",\"column_breakpoint\":\"m\",\"content\":\"\n\n<p>[CP_CALCULATED_FIELDS id=\\\"6\\\"]<\\\/p>\"}}]},{\"name\":\"\",\"type\":\"column\",\"props\":{\"widths\":[\"\"],\"image_position\":\"center-center\"},\"children\":[{\"name\":\"\",\"type\":\"list\",\"props\":{\"show_image\":true,\"show_link\":true,\"image_align\":\"left\"},\"children\":[{\"name\":\"\",\"type\":\"list_item\",\"props\":{\"content\":\"Klassifikaator\",\"icon\":\"star\",\"link\":\"\\\/buroohoonete-klassifikaator\\\/\"}},{\"name\":\"\",\"type\":\"list_item\",\"props\":{\"content\":\"B\\u00fcroohoonete klassifikaator *ppt\",\"icon\":\"desktop\",\"link\":\"\\\/wp-content\\\/uploads\\\/buroohoonete-klassifikaator.pptx\",\"link_target\":true}},{\"name\":\"\",\"type\":\"list_item\",\"props\":{\"content\":\"B\\u00fcroohoonete klassi asukoha kaart *pdf\",\"image\":\"\",\"icon\":\"location\",\"link\":\"wp-content\\\/uploads\\\/Tallinn_A4_5_1-1.pdf\"}}]}]}]}]}]} --><\/p>","protected":false},"excerpt":{"rendered":"<p>B&Uuml;ROOHOONE KLASSIFIKATSIOONI M&Auml;&Auml;RAMISE TABEL Punktid on jaotatud kohustuslikeks A-klassile (KA), kohustuslikeks A- ja B- klassile (K) ja t&auml;iendavateks (T).&ndash;A-klassi hoone puhul eeldatakse 12 kohustusliku (KA ja K) kriteeriumi t&auml;itmist&ndash;B-klassi hoone puhul eeldatakse 9 kohustusliku (K) kriteeriumi t&auml;itmist.&ndash;Madalama klassi hooned peavad vastama kaasaegsetele ehitusnormidele. Klassifikaator B\u00fcroohoonete klassifikaator *ppt B\u00fcroohoonete klassi asukoha kaart *pdf<\/p>","protected":false},"author":1,"featured_media":0,"parent":5882,"menu_order":0,"comment_status":"closed","ping_status":"closed","template":"","meta":[],"acf":[],"_links":{"self":[{"href":"https:\/\/www.ekfl.ee\/ru\/wp-json\/wp\/v2\/pages\/7412"}],"collection":[{"href":"https:\/\/www.ekfl.ee\/ru\/wp-json\/wp\/v2\/pages"}],"about":[{"href":"https:\/\/www.ekfl.ee\/ru\/wp-json\/wp\/v2\/types\/page"}],"author":[{"embeddable":true,"href":"https:\/\/www.ekfl.ee\/ru\/wp-json\/wp\/v2\/users\/1"}],"replies":[{"embeddable":true,"href":"https:\/\/www.ekfl.ee\/ru\/wp-json\/wp\/v2\/comments?post=7412"}],"version-history":[{"count":15,"href":"https:\/\/www.ekfl.ee\/ru\/wp-json\/wp\/v2\/pages\/7412\/revisions"}],"predecessor-version":[{"id":21731,"href":"https:\/\/www.ekfl.ee\/ru\/wp-json\/wp\/v2\/pages\/7412\/revisions\/21731"}],"up":[{"embeddable":true,"href":"https:\/\/www.ekfl.ee\/ru\/wp-json\/wp\/v2\/pages\/5882"}],"wp:attachment":[{"href":"https:\/\/www.ekfl.ee\/ru\/wp-json\/wp\/v2\/media?parent=7412"}],"curies":[{"name":"wp","href":"https:\/\/api.w.org\/{rel}","templated":true}]}}